


{"id":977,"date":"2023-06-05T11:22:24","date_gmt":"2023-06-05T08:22:24","guid":{"rendered":"http:\/\/draftec.pro.swtest.ru\/?page_id=977"},"modified":"2023-09-15T12:57:20","modified_gmt":"2023-09-15T09:57:20","slug":"katalog-uslug","status":"publish","type":"page","link":"https:\/\/draftec.pro\/esp\/katalog-uslug\/","title":{"rendered":"Cat\u00e1logo de servicios"},"content":{"rendered":"<div id=\"fws_69e0e72ced254\"  data-column-margin=\"default\" data-midnight=\"dark\"  class=\"wpb_row vc_row-fluid vc_row full-width-section text15\"  style=\"padding-top: 60px; padding-bottom: 60px; \"><div class=\"row-bg-wrap\" data-bg-animation=\"none\" data-bg-animation-delay=\"\" data-bg-overlay=\"false\"><div class=\"inner-wrap row-bg-layer using-image\" ><div class=\"row-bg viewport-desktop using-image\"  style=\"background-image: url(https:\/\/draftec.pro\/wp-content\/uploads\/2023\/09\/slide1filter-min-1-min.jpg); background-position: left center; background-repeat: no-repeat; \"><\/div><\/div><\/div><div class=\"row_col_wrap_12 col span_12 dark left\">\n\t<div  class=\"vc_col-sm-6 wpb_column column_container vc_column_container col no-extra-padding inherit_tablet inherit_phone\"  data-padding-pos=\"all\" data-has-bg-color=\"false\" data-bg-color=\"\" data-bg-opacity=\"1\" data-animation=\"\" data-delay=\"0\" >\n\t\t<div class=\"vc_column-inner\" >\n\t\t\t<div class=\"wpb_wrapper\">\n\t\t\t\t<h1 style=\"text-align: left\" class=\"vc_custom_heading mainTitleH wpb_animate_when_almost_visible wpb_fadeInLeft fadeInLeft vc_custom_1694002007238\" >Nuestros servicios<\/h1>\n<div class=\"wpb_text_column wpb_content_element  wpb_animate_when_almost_visible wpb_fadeInLeftBig fadeInLeftBig\" >\n\t<div class=\"wpb_wrapper\">\n\t\t<p>Trabajamos en diversos roles dentro de su proyecto, ya sea como 'Cliente T\u00e9cnico' o 'Departamento de Construcci\u00f3n Capital,' supervisando todo el proceso de construcci\u00f3n, o como parte del equipo, realizando tareas t\u00e9cnicas espec\u00edficas.<br \/>\nSiempre estamos enfocados en los resultados, y para nosotros, es importante no solo completar la tarea, sino superar sus expectativas al convertir su idea en realidad. Nuestros servicios se basan en un enfoque individual, comprendiendo los objetivos y necesidades de cada cliente. Nos esforzamos por la mejora continua y la mejora de la calidad de nuestros servicios, lo que nos convierte en su socio confiable en la industria de la construcci\u00f3n. <\/p>\n\t<\/div>\n<\/div>\n\n\n\n\n\t\t\t<\/div> \n\t\t<\/div>\n\t<\/div> \n\n\t<div  class=\"vc_col-sm-6 wpb_column column_container vc_column_container col no-extra-padding inherit_tablet inherit_phone\"  data-padding-pos=\"all\" data-has-bg-color=\"false\" data-bg-color=\"\" data-bg-opacity=\"1\" data-animation=\"\" data-delay=\"0\" >\n\t\t<div class=\"vc_column-inner\" >\n\t\t\t<div class=\"wpb_wrapper\">\n\t\t\t\t\n\t\t\t<\/div> \n\t\t<\/div>\n\t<\/div> \n<\/div><\/div>\n\t\t<div id=\"fws_69e0e72cee4de\"  data-column-margin=\"default\" data-midnight=\"dark\"  class=\"wpb_row vc_row-fluid vc_row\"  style=\"padding-top: 60px; padding-bottom: 0px; \"><div class=\"row-bg-wrap\" data-bg-animation=\"none\" data-bg-animation-delay=\"\" data-bg-overlay=\"false\"><div class=\"inner-wrap row-bg-layer\" ><div class=\"row-bg viewport-desktop\"  style=\"\"><\/div><\/div><\/div><div class=\"row_col_wrap_12 col span_12 dark left\">\n\t<div  class=\"vc_col-sm-12 wpb_column column_container vc_column_container col no-extra-padding inherit_tablet inherit_phone\"  data-padding-pos=\"all\" data-has-bg-color=\"false\" data-bg-color=\"\" data-bg-opacity=\"1\" data-animation=\"\" data-delay=\"0\" >\n\t\t<div class=\"vc_column-inner\" >\n\t\t\t<div class=\"wpb_wrapper\">\n\t\t\t\t<h2 style=\"text-align: left\" class=\"vc_custom_heading wpb_animate_when_almost_visible wpb_fadeIn fadeIn vc_custom_1694004757901\" >Posibles esquemas de trabajo<\/h2>\n\t<div class=\"wpb_content_element\" data-interval=\"0\">\n\t\t<div class=\"wpb_wrapper tabbed clearfix\" data-style=\"default\" data-animation=\"fade\" data-spacing=\"default\" data-icon-size=\"\" data-full-width-line=\"\" data-color-scheme=\"accent-color\" data-alignment=\"left\">\n\t\t\t<ul class=\"wpb_tabs_nav ui-tabs-nav clearfix\"><li class=\"tab-item active-tab\"><a href=\"#tab-1694771613958-9\" class=\"active-tab\"><span>El papel de Draftec: Cliente T\u00e9cnico<\/span><\/a><\/li><li class=\"tab-item\"><a href=\"#tab-1694771613989-5\" ><span>El papel de Draftec: Departamento de Construcci\u00f3n Capital<\/span><\/a><\/li><\/ul>\n\n\t\t\t\n\t\t\t<div id=\"tab-%d1%80%d0%be%d0%bb%d1%8c-draftec-%d1%82%d0%b5%d1%85%d0%bd%d0%b8%d1%87%d0%b5%d1%81%d0%ba%d0%b8%d0%b9-%d0%b7%d0%b0%d0%ba%d0%b0%d0%b7%d1%87%d0%b8%d0%ba\" data-tab-icon=\"\" class=\"wpb_tab ui-tabs-panel wpb_ui-tabs-hide clearfix\">\n\t\t\t\t\n<div class=\"wpb_text_column wpb_content_element  bordereds\" >\n\t<div class=\"wpb_wrapper\">\n\t\t<p style=\"text-align: center;\">Inversor<\/p>\n<p class=\"plusClass\" style=\"text-align: center;\">+<\/p>\n<p style=\"text-align: center;\"><img decoding=\"async\" src=\"\/wp-content\/uploads\/2023\/09\/group-503.svg\" \/><\/p>\n\t<\/div>\n<\/div>\n\n\n\n\n<div class=\"wpb_text_column wpb_content_element  vc_custom_1694004061620 bordereds\" >\n\t<div class=\"wpb_wrapper\">\n\t\t<p style=\"text-align: center;\">Contratista general<\/p>\n\t<\/div>\n<\/div>\n\n\n\n\n<div class=\"wpb_text_column wpb_content_element  vc_custom_1694771254080 bordereds withoutTail\" >\n\t<div class=\"wpb_wrapper\">\n\t\t<p style=\"text-align: center;\">Subcontratistas<\/p>\n<div class=\"margUl\">\n<ul>\n<li>Architecto<\/li>\n<li>Ingeniero<\/li>\n<li>Constructor<\/li>\n<\/ul>\n<\/div>\n\t<\/div>\n<\/div>\n\n\n\n\n<div class=\"wpb_text_column wpb_content_element  vc_custom_1694004452707 fwtext\" >\n\t<div class=\"wpb_wrapper\">\n\t\t<p><strong>Sin paradas ni sobrecostos<\/strong><br \/>\nGracias al uso de 5D BIM, garantizamos una planificaci\u00f3n eficiente de la construcci\u00f3n y la formaci\u00f3n del presupuesto. Esto acelera el proyecto, protege sus inversiones y le proporciona un control completo en cada etapa.<\/p>\n\t<\/div>\n<\/div>\n\n\n\n\n<div class=\"wpb_text_column wpb_content_element  fwtext\" >\n\t<div class=\"wpb_wrapper\">\n\t\t<p><strong>An\u00e1lisis transparente para inversores<\/strong><br \/>\nProporcionamos una actualizaci\u00f3n continua de los informes del proyecto, que incluye plazos, financiamiento y cambios en el alcance de trabajo y materiales. Esto le proporciona informaci\u00f3n actualizada para tomar decisiones r\u00e1pidas en tiempo real.<\/p>\n\t<\/div>\n<\/div>\n\n\n\n\n<div class=\"wpb_text_column wpb_content_element  fwtext\" >\n\t<div class=\"wpb_wrapper\">\n\t\t<p><strong>Certeza en las adquisiciones<\/strong><br \/>\nCon nuestras especificaciones detalladas, eliminamos cualquier trabajo no previsto por parte de los contratistas, lo que aumenta la transparencia y la precisi\u00f3n de las actividades de licitaci\u00f3n para el inversor.<\/p>\n\t<\/div>\n<\/div>\n\n\n\n\n<div class=\"wpb_text_column wpb_content_element  fwtext\" >\n\t<div class=\"wpb_wrapper\">\n\t\t<p><strong>Calidad a trav\u00e9s de la innovaci\u00f3n<\/strong><br \/>\nLa aplicaci\u00f3n de tecnolog\u00edas avanzadas en dise\u00f1o y construcci\u00f3n, incluyendo el seguimiento de certificaciones BREEAM y LEED, mejora la calidad del producto final y fortalece la confianza de los posibles compradores, aumentando la atractividad en el mercado de su proyecto.<\/p>\n\t<\/div>\n<\/div>\n\n\n\n\n\t\t\t<\/div> \n\t\t\t<div id=\"tab-%d1%80%d0%be%d0%bb%d1%8c-draftec-%d0%be%d1%82%d0%b4%d0%b5%d0%bb-%d0%ba%d0%b0%d0%bf%d0%b8%d1%82%d0%b0%d0%bb%d1%8c%d0%bd%d0%be%d0%b3%d0%be-%d1%81%d1%82%d1%80%d0%be%d0%b8%d1%82%d0%b5%d0%bb%d1%8c%d1%81\" data-tab-icon=\"\" class=\"wpb_tab ui-tabs-panel wpb_ui-tabs-hide clearfix\">\n\t\t\t\t\n<div class=\"wpb_text_column wpb_content_element  bordereds\" >\n\t<div class=\"wpb_wrapper\">\n\t\t<p style=\"text-align: center;\">Inversor<\/p>\n\t<\/div>\n<\/div>\n\n\n\n\n<div class=\"wpb_text_column wpb_content_element  vc_custom_1694771104818 bordereds\" >\n\t<div class=\"wpb_wrapper\">\n\t\t<p style=\"text-align: center;\">Contratista general<\/p>\n<p class=\"plusClass\" style=\"text-align: center;\">+<\/p>\n<p style=\"text-align: center;\"><img decoding=\"async\" src=\"\/wp-content\/uploads\/2023\/09\/group-503.svg\" \/><\/p>\n\t<\/div>\n<\/div>\n\n\n\n\n<div class=\"wpb_text_column wpb_content_element  vc_custom_1694771840139 bordereds withoutTail\" >\n\t<div class=\"wpb_wrapper\">\n\t\t<p style=\"text-align: center;\">Subcontratistas<\/p>\n<div class=\"margUl\">\n<ul>\n<li>Architecto<\/li>\n<li>Ingeniero<\/li>\n<li>Constructor<\/li>\n<\/ul>\n<\/div>\n\t<\/div>\n<\/div>\n\n\n\n\n<div class=\"wpb_text_column wpb_content_element  vc_custom_1694004983518 fwtext\" >\n\t<div class=\"wpb_wrapper\">\n\t\t<p><strong>Armonizaci\u00f3n de procesos de trabajo<\/strong><br \/>\nConfiguramos y administramos una plataforma en l\u00ednea unificada para la interacci\u00f3n de todos los participantes en el proyecto de construcci\u00f3n, lo que permite un intercambio r\u00e1pido de informaci\u00f3n, garantiza su almacenamiento y accesibilidad, facilita discusiones, asignaci\u00f3n de tareas y control de su ejecuci\u00f3n, estandariza y lleva a cabo todos los procedimientos de aprobaci\u00f3n y aceptaci\u00f3n necesarios. Como resultado, obtiene un flujo de trabajo comprensible y conveniente para todos.<\/p>\n\t<\/div>\n<\/div>\n\n\n\n\n<div class=\"wpb_text_column wpb_content_element  fwtext\" >\n\t<div class=\"wpb_wrapper\">\n\t\t<p><strong>Ininterrupci\u00f3n en la documentaci\u00f3n del proyecto<\/strong><br \/>\nNuestra tarea es identificar y resolver todos los posibles problemas en la documentaci\u00f3n del proyecto incluso antes de que comiencen las obras de construcci\u00f3n, garantizando una ejecuci\u00f3n clara y eficiente del proyecto. Durante la fase de construcci\u00f3n, trabajamos de manera oportuna en el manejo y verificaci\u00f3n de los cambios que surgen en el proceso y que pueden desviarse de las decisiones del proyecto.<\/p>\n\t<\/div>\n<\/div>\n\n\n\n\n<div class=\"wpb_text_column wpb_content_element  fwtext\" >\n\t<div class=\"wpb_wrapper\">\n\t\t<p><strong>Planificaci\u00f3n adaptable de construcci\u00f3n<\/strong><br \/>\nRecopilamos y analizamos continuamente datos del sitio de construcci\u00f3n, transform\u00e1ndolos en diagramas, tablas y modelos 3D intuitivos que reflejan el estado actual y la din\u00e1mica de la construcci\u00f3n.<\/p>\n\t<\/div>\n<\/div>\n\n\n\n\n<div class=\"wpb_text_column wpb_content_element  fwtext\" >\n\t<div class=\"wpb_wrapper\">\n\t\t<p><strong>Distribuci\u00f3n equilibrada de responsabilidades<\/strong><br \/>\nPara prevenir abusos y excesos en el presupuesto, distribuimos el trabajo entre los contratistas y las \u00e1reas de trabajo directamente en nuestro modelo de informaci\u00f3n, proporcionando al contratista general una herramienta conveniente y precisa para el control de la ejecuci\u00f3n de las tareas.<\/p>\n\t<\/div>\n<\/div>\n\n\n\n\n\t\t\t<\/div> \n\t\t<\/div> \n\t<\/div> \n\t\t\t<\/div> \n\t\t<\/div>\n\t<\/div> \n<\/div><\/div>\n\t\t<div id=\"fws_69e0e72cefbe8\"  data-column-margin=\"default\" data-midnight=\"dark\"  class=\"wpb_row vc_row-fluid vc_row dcartf bottom_margin_62px bottom_margin_tablet_32px\"  style=\"padding-top: 60px; padding-bottom: 0px; \"><div class=\"row-bg-wrap\" data-bg-animation=\"none\" data-bg-animation-delay=\"\" data-bg-overlay=\"false\"><div class=\"inner-wrap row-bg-layer\" ><div class=\"row-bg viewport-desktop\"  style=\"\"><\/div><\/div><\/div><div class=\"row_col_wrap_12 col span_12 dark left\">\n\t<div  class=\"vc_col-sm-12 wpb_column column_container vc_column_container col has-animation no-extra-padding inherit_tablet inherit_phone\"  data-padding-pos=\"all\" data-has-bg-color=\"false\" data-bg-color=\"\" data-bg-opacity=\"1\" data-animation=\"fade-in-from-left\" data-delay=\"100\" >\n\t\t<div class=\"vc_column-inner\" >\n\t\t\t<div class=\"wpb_wrapper\">\n\t\t\t\t\n<div class=\"wpb_text_column wpb_content_element\" >\n\t<div class=\"wpb_wrapper\">\n\t\t<h2>Etapas principales de la vida de un objeto<\/h2>\n<p>Todo nuestro rango de servicios se basa en las etapas clave del ciclo de vida del objeto. En nuestro trabajo, seguimos la metodolog\u00eda BIM, que permite integrar todas las etapas del proyecto, desde el dise\u00f1o y la construcci\u00f3n hasta la operaci\u00f3n y renovaci\u00f3n, en un solo modelo de informaci\u00f3n.<\/p>\n<p>Nuestra metodolog\u00eda de gesti\u00f3n implica trabajar en conjunto con el equipo del cliente o su contratista como parte de etapas o tareas individuales, as\u00ed como desarrollar todo el mapa de ruta del proyecto en su conjunto.<\/p>\n\t<\/div>\n<\/div>\n\n\n\n\n\t\t\t<\/div> \n\t\t<\/div>\n\t<\/div> \n<\/div><\/div>\n\t\t<div id=\"fws_69e0e72cf0034\"  data-column-margin=\"default\" data-midnight=\"dark\"  class=\"wpb_row vc_row-fluid vc_row dcart_slb bottom_margin_100px bottom_margin_tablet_64px\"  style=\"padding-top: 0px; padding-bottom: 0px; \"><div class=\"row-bg-wrap\" data-bg-animation=\"none\" data-bg-animation-delay=\"\" data-bg-overlay=\"false\"><div class=\"inner-wrap row-bg-layer\" ><div class=\"row-bg viewport-desktop\"  style=\"\"><\/div><\/div><\/div><div class=\"row_col_wrap_12 col span_12 dark left\">\n\t<div  class=\"vc_col-sm-12 wpb_column column_container vc_column_container col has-animation no-extra-padding inherit_tablet inherit_phone\"  data-padding-pos=\"all\" data-has-bg-color=\"false\" data-bg-color=\"\" data-bg-opacity=\"1\" data-animation=\"fade-in-from-bottom\" data-delay=\"0\" >\n\t\t<div class=\"vc_column-inner\" >\n\t\t\t<div class=\"wpb_wrapper\">\n\t\t\t\t<div id=\"fws_69e0e72cf04de\" data-midnight=\"\" data-column-margin=\"default\" class=\"wpb_row vc_row-fluid vc_row inner_row dv\"  style=\"\"><div class=\"row-bg-wrap\"> <div class=\"row-bg\" ><\/div> <\/div><div class=\"row_col_wrap_12_inner col span_12  left\">\n\t<div  class=\"vc_col-sm-6 text_inf wpb_column column_container vc_column_container col child_column no-extra-padding inherit_tablet inherit_phone\"   data-padding-pos=\"all\" data-has-bg-color=\"false\" data-bg-color=\"\" data-bg-opacity=\"1\" data-animation=\"\" data-delay=\"0\" >\n\t\t<div class=\"vc_column-inner\" >\n\t\t<div class=\"wpb_wrapper\">\n\t\t\t\n<div class=\"wpb_text_column wpb_content_element\" >\n\t<div class=\"wpb_wrapper\">\n\t\t<h2>Implementaci\u00f3n<\/h2>\n<p class=\"txt\">La implementaci\u00f3n es un procedimiento fundamental en nuestra metodolog\u00eda en cualquier etapa del ciclo de vida del objeto, garantizando una<br \/>\ncomprensi\u00f3n com\u00fan de los objetivos y el formato de la ejecuci\u00f3n del proyecto.<\/p>\n<p><a href=\"https:\/\/draftec.pro\/esp\/vnedrenie-bim\/\">Obtenga m\u00e1s informaci\u00f3n sobre los servicios de esta etapa<\/a><\/p>\n\t<\/div>\n<\/div>\n\n\n\n\n\t\t<\/div> \n\t<\/div>\n\t<\/div> \n\n\t<div  class=\"vc_col-sm-6 img_inf wpb_column column_container vc_column_container col child_column no-extra-padding inherit_tablet inherit_phone\"   data-padding-pos=\"all\" data-has-bg-color=\"false\" data-bg-color=\"\" data-bg-opacity=\"1\" data-animation=\"\" data-delay=\"0\" >\n\t\t<div class=\"vc_column-inner\" >\n\t\t<div class=\"wpb_wrapper\">\n\t\t\t<div class=\"img-with-aniamtion-wrap\" data-max-width=\"100%\" data-max-width-mobile=\"default\" data-shadow=\"none\" data-animation=\"none\" >\n      <div class=\"inner\">\n        <div class=\"hover-wrap\"> \n          <div class=\"hover-wrap-inner\">\n            <img loading=\"lazy\" decoding=\"async\" class=\"img-with-animation skip-lazy\" data-delay=\"0\" height=\"212\" width=\"315\" data-animation=\"none\" src=\"https:\/\/draftec.pro\/wp-content\/uploads\/2023\/06\/vnedrenie.jpg\" alt=\"\" srcset=\"https:\/\/draftec.pro\/wp-content\/uploads\/2023\/06\/vnedrenie.jpg 315w, https:\/\/draftec.pro\/wp-content\/uploads\/2023\/06\/vnedrenie-300x202.jpg 300w\" sizes=\"auto, (max-width: 315px) 100vw, 315px\" \/>\n          <\/div>\n        <\/div>\n      <\/div>\n    <\/div>\n\t\t<\/div> \n\t<\/div>\n\t<\/div> \n<\/div><\/div><div id=\"fws_69e0e72cf22b7\" data-midnight=\"\" data-column-margin=\"default\" class=\"wpb_row vc_row-fluid vc_row inner_row tri\"  style=\"\"><div class=\"row-bg-wrap\"> <div class=\"row-bg\" ><\/div> <\/div><div class=\"row_col_wrap_12_inner col span_12  left\">\n\t<div  class=\"vc_col-sm-6 img_inf wpb_column column_container vc_column_container col child_column no-extra-padding inherit_tablet inherit_phone\"   data-padding-pos=\"all\" data-has-bg-color=\"false\" data-bg-color=\"\" data-bg-opacity=\"1\" data-animation=\"\" data-delay=\"0\" >\n\t\t<div class=\"vc_column-inner\" >\n\t\t<div class=\"wpb_wrapper\">\n\t\t\t<div class=\"img-with-aniamtion-wrap\" data-max-width=\"100%\" data-max-width-mobile=\"default\" data-shadow=\"none\" data-animation=\"none\" >\n      <div class=\"inner\">\n        <div class=\"hover-wrap\"> \n          <div class=\"hover-wrap-inner\">\n            <img loading=\"lazy\" decoding=\"async\" class=\"img-with-animation skip-lazy\" data-delay=\"0\" height=\"212\" width=\"315\" data-animation=\"none\" src=\"https:\/\/draftec.pro\/wp-content\/uploads\/2023\/06\/proektirovanie.jpg\" alt=\"\" srcset=\"https:\/\/draftec.pro\/wp-content\/uploads\/2023\/06\/proektirovanie.jpg 315w, https:\/\/draftec.pro\/wp-content\/uploads\/2023\/06\/proektirovanie-300x202.jpg 300w\" sizes=\"auto, (max-width: 315px) 100vw, 315px\" \/>\n          <\/div>\n        <\/div>\n      <\/div>\n    <\/div>\n\t\t<\/div> \n\t<\/div>\n\t<\/div> \n\n\t<div  class=\"vc_col-sm-6 text_inf wpb_column column_container vc_column_container col child_column no-extra-padding inherit_tablet inherit_phone\"   data-padding-pos=\"all\" data-has-bg-color=\"false\" data-bg-color=\"\" data-bg-opacity=\"1\" data-animation=\"\" data-delay=\"0\" >\n\t\t<div class=\"vc_column-inner\" >\n\t\t<div class=\"wpb_wrapper\">\n\t\t\t\n<div class=\"wpb_text_column wpb_content_element  inform\" >\n\t<div class=\"wpb_wrapper\">\n\t\t<h2>Dise\u00f1o<\/h2>\n<p class=\"txt\">El dise\u00f1o es la etapa en la que se crean modelos de informaci\u00f3n del objeto, que incluyen elementos arquitect\u00f3nicos, estructurales e ingenieriles. Esto permite que el equipo del proyecto trabaje en profundidad en todos los detalles antes de comenzar la construcci\u00f3n, minimizando errores y malentendidos, y optimizando costos y plazos de ejecuci\u00f3n del proyecto.<\/p>\n<p><a href=\"https:\/\/draftec.pro\/esp\/proektirovanie\/\">Obtenga m\u00e1s informaci\u00f3n sobre los servicios de esta etapa<\/a><\/p>\n\t<\/div>\n<\/div>\n\n\n\n\n\t\t<\/div> \n\t<\/div>\n\t<\/div> \n<\/div><\/div><div id=\"fws_69e0e72cf406b\" data-midnight=\"\" data-column-margin=\"default\" class=\"wpb_row vc_row-fluid vc_row inner_row tri\"  style=\"\"><div class=\"row-bg-wrap\"> <div class=\"row-bg\" ><\/div> <\/div><div class=\"row_col_wrap_12_inner col span_12  left\">\n\t<div  class=\"vc_col-sm-6 text_inf wpb_column column_container vc_column_container col child_column no-extra-padding inherit_tablet inherit_phone\"   data-padding-pos=\"all\" data-has-bg-color=\"false\" data-bg-color=\"\" data-bg-opacity=\"1\" data-animation=\"\" data-delay=\"0\" >\n\t\t<div class=\"vc_column-inner\" >\n\t\t<div class=\"wpb_wrapper\">\n\t\t\t\n<div class=\"wpb_text_column wpb_content_element  inform\" >\n\t<div class=\"wpb_wrapper\">\n\t\t<h2>Construcci\u00f3n<\/h2>\n<p class=\"txt\">La etapa de construcci\u00f3n implica el uso activo de modelos para el control y la gesti\u00f3n del proceso de construcci\u00f3n. Esto incluye el soporte para la toma de decisiones en el sitio de construcci\u00f3n, el control de la conformidad de las obras reales con las decisiones del proyecto, as\u00ed como la realizaci\u00f3n oportuna de cambios en el proyecto seg\u00fan sea necesario.<\/p>\n<p><a href=\"https:\/\/draftec.pro\/esp\/stroitelstvo\/\">Obtenga m\u00e1s informaci\u00f3n sobre los servicios de esta etapa<\/a><\/p>\n\t<\/div>\n<\/div>\n\n\n\n\n\t\t<\/div> \n\t<\/div>\n\t<\/div> \n\n\t<div  class=\"vc_col-sm-6 img_inf wpb_column column_container vc_column_container col child_column no-extra-padding inherit_tablet inherit_phone\"   data-padding-pos=\"all\" data-has-bg-color=\"false\" data-bg-color=\"\" data-bg-opacity=\"1\" data-animation=\"\" data-delay=\"0\" >\n\t\t<div class=\"vc_column-inner\" >\n\t\t<div class=\"wpb_wrapper\">\n\t\t\t<div class=\"img-with-aniamtion-wrap\" data-max-width=\"100%\" data-max-width-mobile=\"default\" data-shadow=\"none\" data-animation=\"none\" >\n      <div class=\"inner\">\n        <div class=\"hover-wrap\"> \n          <div class=\"hover-wrap-inner\">\n            <img loading=\"lazy\" decoding=\"async\" class=\"img-with-animation skip-lazy\" data-delay=\"0\" height=\"212\" width=\"315\" data-animation=\"none\" src=\"https:\/\/draftec.pro\/wp-content\/uploads\/2023\/06\/stroitelstvo.jpg\" alt=\"\" srcset=\"https:\/\/draftec.pro\/wp-content\/uploads\/2023\/06\/stroitelstvo.jpg 315w, https:\/\/draftec.pro\/wp-content\/uploads\/2023\/06\/stroitelstvo-300x202.jpg 300w\" sizes=\"auto, (max-width: 315px) 100vw, 315px\" \/>\n          <\/div>\n        <\/div>\n      <\/div>\n    <\/div>\n\t\t<\/div> \n\t<\/div>\n\t<\/div> \n<\/div><\/div><div id=\"fws_69e0e72d01177\" data-midnight=\"\" data-column-margin=\"default\" class=\"wpb_row vc_row-fluid vc_row inner_row tri\"  style=\"\"><div class=\"row-bg-wrap\"> <div class=\"row-bg\" ><\/div> <\/div><div class=\"row_col_wrap_12_inner col span_12  left\">\n\t<div  class=\"vc_col-sm-6 img_inf wpb_column column_container vc_column_container col child_column no-extra-padding inherit_tablet inherit_phone\"   data-padding-pos=\"all\" data-has-bg-color=\"false\" data-bg-color=\"\" data-bg-opacity=\"1\" data-animation=\"\" data-delay=\"0\" >\n\t\t<div class=\"vc_column-inner\" >\n\t\t<div class=\"wpb_wrapper\">\n\t\t\t<div class=\"img-with-aniamtion-wrap\" data-max-width=\"100%\" data-max-width-mobile=\"default\" data-shadow=\"none\" data-animation=\"none\" >\n      <div class=\"inner\">\n        <div class=\"hover-wrap\"> \n          <div class=\"hover-wrap-inner\">\n            <img loading=\"lazy\" decoding=\"async\" class=\"img-with-animation skip-lazy\" data-delay=\"0\" height=\"212\" width=\"315\" data-animation=\"none\" src=\"https:\/\/draftec.pro\/wp-content\/uploads\/2023\/06\/expluat.jpg\" alt=\"\" srcset=\"https:\/\/draftec.pro\/wp-content\/uploads\/2023\/06\/expluat.jpg 315w, https:\/\/draftec.pro\/wp-content\/uploads\/2023\/06\/expluat-300x202.jpg 300w\" sizes=\"auto, (max-width: 315px) 100vw, 315px\" \/>\n          <\/div>\n        <\/div>\n      <\/div>\n    <\/div>\n\t\t<\/div> \n\t<\/div>\n\t<\/div> \n\n\t<div  class=\"vc_col-sm-6 text_inf wpb_column column_container vc_column_container col child_column no-extra-padding inherit_tablet inherit_phone\"   data-padding-pos=\"all\" data-has-bg-color=\"false\" data-bg-color=\"\" data-bg-opacity=\"1\" data-animation=\"\" data-delay=\"0\" >\n\t\t<div class=\"vc_column-inner\" >\n\t\t<div class=\"wpb_wrapper\">\n\t\t\t\n<div class=\"wpb_text_column wpb_content_element  inform\" >\n\t<div class=\"wpb_wrapper\">\n\t\t<h2>Operaci\u00f3n<\/h2>\n<p class=\"txt\">La etapa de operaci\u00f3n implica el uso de modelos de informaci\u00f3n para gestionar el objeto durante su operaci\u00f3n. Esto incluye el soporte para procesos de mantenimiento y reparaci\u00f3n, el control del estado de diversos sistemas de ingenier\u00eda, la optimizaci\u00f3n de su consumo de energ\u00eda y otros aspectos.<\/p>\n<p><a href=\"https:\/\/draftec.pro\/esp\/ekspluatacziya\/\">Obtenga m\u00e1s informaci\u00f3n sobre los servicios de esta etapa<\/a><\/p>\n\t<\/div>\n<\/div>\n\n\n\n\n\t\t<\/div> \n\t<\/div>\n\t<\/div> \n<\/div><\/div><div id=\"fws_69e0e72d023c0\" data-midnight=\"\" data-column-margin=\"default\" class=\"wpb_row vc_row-fluid vc_row inner_row tri\"  style=\"\"><div class=\"row-bg-wrap\"> <div class=\"row-bg\" ><\/div> <\/div><div class=\"row_col_wrap_12_inner col span_12  left\">\n\t<div  class=\"vc_col-sm-6 text_inf wpb_column column_container vc_column_container col child_column no-extra-padding inherit_tablet inherit_phone\"   data-padding-pos=\"all\" data-has-bg-color=\"false\" data-bg-color=\"\" data-bg-opacity=\"1\" data-animation=\"\" data-delay=\"0\" >\n\t\t<div class=\"vc_column-inner\" >\n\t\t<div class=\"wpb_wrapper\">\n\t\t\t\n<div class=\"wpb_text_column wpb_content_element  inform\" >\n\t<div class=\"wpb_wrapper\">\n\t\t<h2>Renovaci\u00f3n<\/h2>\n<p class=\"txt\">La renovaci\u00f3n implica la actualizaci\u00f3n del modelo de informaci\u00f3n bas\u00e1ndose en los resultados del diagn\u00f3stico y el an\u00e1lisis del estado del objeto. Esto permite preparar un proyecto de renovaci\u00f3n extremadamente preciso y detallado, optimizar costos y plazos de ejecuci\u00f3n, y garantizar que todas las obras cumplan con los requisitos y est\u00e1ndares modernos.<\/p>\n<p><a href=\"https:\/\/draftec.pro\/esp\/renovacziya\/\">Obtenga m\u00e1s informaci\u00f3n sobre los servicios de esta etapa<\/a><\/p>\n\t<\/div>\n<\/div>\n\n\n\n\n\t\t<\/div> \n\t<\/div>\n\t<\/div> \n\n\t<div  class=\"vc_col-sm-6 img_inf wpb_column column_container vc_column_container col child_column no-extra-padding inherit_tablet inherit_phone\"   data-padding-pos=\"all\" data-has-bg-color=\"false\" data-bg-color=\"\" data-bg-opacity=\"1\" data-animation=\"\" data-delay=\"0\" >\n\t\t<div class=\"vc_column-inner\" >\n\t\t<div class=\"wpb_wrapper\">\n\t\t\t<div class=\"img-with-aniamtion-wrap\" data-max-width=\"100%\" data-max-width-mobile=\"default\" data-shadow=\"none\" data-animation=\"none\" >\n      <div class=\"inner\">\n        <div class=\"hover-wrap\"> \n          <div class=\"hover-wrap-inner\">\n            <img loading=\"lazy\" decoding=\"async\" class=\"img-with-animation skip-lazy\" data-delay=\"0\" height=\"212\" width=\"315\" data-animation=\"none\" src=\"https:\/\/draftec.pro\/wp-content\/uploads\/2023\/06\/renovacia.jpg\" alt=\"\" srcset=\"https:\/\/draftec.pro\/wp-content\/uploads\/2023\/06\/renovacia.jpg 315w, https:\/\/draftec.pro\/wp-content\/uploads\/2023\/06\/renovacia-300x202.jpg 300w\" sizes=\"auto, (max-width: 315px) 100vw, 315px\" \/>\n          <\/div>\n        <\/div>\n      <\/div>\n    <\/div>\n\t\t<\/div> \n\t<\/div>\n\t<\/div> \n<\/div><\/div>\n\t\t\t<\/div> \n\t\t<\/div>\n\t<\/div> \n<\/div><\/div>","protected":false},"excerpt":{"rendered":"<p>&#8230;<\/p>","protected":false},"author":2,"featured_media":0,"parent":0,"menu_order":0,"comment_status":"closed","ping_status":"closed","template":"","meta":{"inline_featured_image":false,"footnotes":""},"class_list":["post-977","page","type-page","status-publish"],"_links":{"self":[{"href":"https:\/\/draftec.pro\/esp\/wp-json\/wp\/v2\/pages\/977","targetHints":{"allow":["GET"]}}],"collection":[{"href":"https:\/\/draftec.pro\/esp\/wp-json\/wp\/v2\/pages"}],"about":[{"href":"https:\/\/draftec.pro\/esp\/wp-json\/wp\/v2\/types\/page"}],"author":[{"embeddable":true,"href":"https:\/\/draftec.pro\/esp\/wp-json\/wp\/v2\/users\/2"}],"replies":[{"embeddable":true,"href":"https:\/\/draftec.pro\/esp\/wp-json\/wp\/v2\/comments?post=977"}],"version-history":[{"count":47,"href":"https:\/\/draftec.pro\/esp\/wp-json\/wp\/v2\/pages\/977\/revisions"}],"predecessor-version":[{"id":3136,"href":"https:\/\/draftec.pro\/esp\/wp-json\/wp\/v2\/pages\/977\/revisions\/3136"}],"wp:attachment":[{"href":"https:\/\/draftec.pro\/esp\/wp-json\/wp\/v2\/media?parent=977"}],"curies":[{"name":"wp","href":"https:\/\/api.w.org\/{rel}","templated":true}]}}