


{"id":2804,"date":"2023-06-23T16:54:28","date_gmt":"2023-06-23T13:54:28","guid":{"rendered":"http:\/\/draftec.pro.swtest.ru\/?page_id=2804"},"modified":"2023-06-26T17:31:20","modified_gmt":"2023-06-26T14:31:20","slug":"politika-dlya-fajlov-kukis","status":"publish","type":"page","link":"https:\/\/draftec.pro\/esp\/politika-dlya-fajlov-kukis\/","title":{"rendered":"Politica de cookies"},"content":{"rendered":"<div id=\"fws_69e0ebda05006\"  data-column-margin=\"default\" data-midnight=\"dark\"  class=\"wpb_row vc_row-fluid vc_row  bottom_margin_100px bottom_margin_tablet_64px\"  style=\"padding-top: 0px; padding-bottom: 0px; \"><div class=\"row-bg-wrap\" data-bg-animation=\"none\" data-bg-animation-delay=\"\" data-bg-overlay=\"false\"><div class=\"inner-wrap row-bg-layer\" ><div class=\"row-bg viewport-desktop\"  style=\"\"><\/div><\/div><\/div><div class=\"row_col_wrap_12 col span_12 dark left\">\n\t<div  class=\"vc_col-sm-12 wpb_column column_container vc_column_container col no-extra-padding inherit_tablet inherit_phone\"  data-padding-pos=\"all\" data-has-bg-color=\"false\" data-bg-color=\"\" data-bg-opacity=\"1\" data-animation=\"\" data-delay=\"0\" >\n\t\t<div class=\"vc_column-inner\" >\n\t\t\t<div class=\"wpb_wrapper\">\n\t\t\t\t\n<div class=\"wpb_text_column wpb_content_element\" >\n\t<div class=\"wpb_wrapper\">\n\t\t<h3>Pol\u00edtica de Uso de Cookies en draftec.pro<\/h3>\n<p><em>1. Introducci\u00f3n<\/em><br \/>\nEn draftec.pro, utilizamos cookies para mejorar la experiencia del usuario, mejorar la calidad de nuestros servicios y analizar el uso del sitio web. Esta pol\u00edtica explica c\u00f3mo y por qu\u00e9 utilizamos cookies.<\/p>\n<p><em>2. \u00bfQu\u00e9 son las cookies?<\/em><br \/>\nLas cookies son peque\u00f1os archivos de texto que se almacenan en su ordenador o dispositivo m\u00f3vil cuando visita ciertos sitios web. Ayudan a los sitios web a recordar sus preferencias (como el inicio de sesi\u00f3n, idioma, tama\u00f1o de fuente y otras configuraciones de visualizaci\u00f3n) durante un cierto periodo de tiempo, por lo que no tiene que volver a introducirlas cuando navega a una p\u00e1gina diferente o en su pr\u00f3xima visita al sitio.<\/p>\n<p><em>3. \u00bfC\u00f3mo utilizamos las cookies?<\/em><br \/>\nUtilizamos cookies para diversos fines:<\/p>\n<ul>\n<li>a. Las cookies de \u00absesi\u00f3n\u00bb se utilizan para proporcionar funciones b\u00e1sicas del sitio web y para retener informaci\u00f3n sobre la sesi\u00f3n del usuario.<\/li>\n<li>b. Las cookies \u00abpersistentes\u00bb se utilizan para guardar la configuraci\u00f3n del usuario y mejorar la experiencia del usuario en visitas posteriores al sitio web.<\/li>\n<li>c. Las cookies \u00abanal\u00edticas\u00bb se utilizan para recopilar informaci\u00f3n estad\u00edstica sobre c\u00f3mo los usuarios utilizan nuestro sitio web, lo que nos permite mejorarlo y hacerlo m\u00e1s conveniente para los usuarios.<\/li>\n<li>d. Las cookies \u00abdirigidas\u00bb o \u00abpublicitarias\u00bb se utilizan para mostrar anuncios que pueden ser de su inter\u00e9s.<\/li>\n<\/ul>\n<p><em>4. Gesti\u00f3n de cookies<\/em><br \/>\nSiempre puede gestionar y\/o eliminar las cookies como desee \u2014 para m\u00e1s detalles, vea aboutcookies.org. Puede eliminar todas las cookies que ya est\u00e9n en su ordenador y la mayor\u00eda de los navegadores ofrecen la opci\u00f3n de bloquear la instalaci\u00f3n de cookies. Si elige esta opci\u00f3n, tendr\u00e1 que cambiar manualmente algunas configuraciones cada vez que visite un sitio web y es posible que algunos servicios y funciones no funcionen.<\/p>\n\t<\/div>\n<\/div>\n\n\n\n\n\t\t\t<\/div> \n\t\t<\/div>\n\t<\/div> \n<\/div><\/div>","protected":false},"excerpt":{"rendered":"<p>&#8230;<\/p>","protected":false},"author":3,"featured_media":0,"parent":0,"menu_order":0,"comment_status":"closed","ping_status":"closed","template":"","meta":{"inline_featured_image":false,"footnotes":""},"class_list":["post-2804","page","type-page","status-publish"],"_links":{"self":[{"href":"https:\/\/draftec.pro\/esp\/wp-json\/wp\/v2\/pages\/2804","targetHints":{"allow":["GET"]}}],"collection":[{"href":"https:\/\/draftec.pro\/esp\/wp-json\/wp\/v2\/pages"}],"about":[{"href":"https:\/\/draftec.pro\/esp\/wp-json\/wp\/v2\/types\/page"}],"author":[{"embeddable":true,"href":"https:\/\/draftec.pro\/esp\/wp-json\/wp\/v2\/users\/3"}],"replies":[{"embeddable":true,"href":"https:\/\/draftec.pro\/esp\/wp-json\/wp\/v2\/comments?post=2804"}],"version-history":[{"count":2,"href":"https:\/\/draftec.pro\/esp\/wp-json\/wp\/v2\/pages\/2804\/revisions"}],"predecessor-version":[{"id":2831,"href":"https:\/\/draftec.pro\/esp\/wp-json\/wp\/v2\/pages\/2804\/revisions\/2831"}],"wp:attachment":[{"href":"https:\/\/draftec.pro\/esp\/wp-json\/wp\/v2\/media?parent=2804"}],"curies":[{"name":"wp","href":"https:\/\/api.w.org\/{rel}","templated":true}]}}