


{"id":2649,"date":"2023-06-20T17:15:33","date_gmt":"2023-06-20T14:15:33","guid":{"rendered":"http:\/\/draftec.pro.swtest.ru\/?page_id=2649"},"modified":"2023-07-21T12:30:59","modified_gmt":"2023-07-21T09:30:59","slug":"renovacziya","status":"publish","type":"page","link":"https:\/\/draftec.pro\/esp\/renovacziya\/","title":{"rendered":"Renovaci\u00f3n"},"content":{"rendered":"<div id=\"fws_69e0e71b7924d\"  data-column-margin=\"default\" data-midnight=\"dark\"  class=\"wpb_row vc_row-fluid vc_row bim_perb bottom_margin_100px bottom_margin_tablet_64px\"  style=\"padding-top: 0px; padding-bottom: 0px; \"><div class=\"row-bg-wrap\" data-bg-animation=\"none\" data-bg-animation-delay=\"\" data-bg-overlay=\"false\"><div class=\"inner-wrap row-bg-layer\" ><div class=\"row-bg viewport-desktop\"  style=\"\"><\/div><\/div><\/div><div class=\"row_col_wrap_12 col span_12 dark left\">\n\t<div  class=\"vc_col-sm-12 wpb_column column_container vc_column_container col has-animation no-extra-padding inherit_tablet inherit_phone\"  data-padding-pos=\"all\" data-has-bg-color=\"false\" data-bg-color=\"\" data-bg-opacity=\"1\" data-animation=\"fade-in-from-bottom\" data-delay=\"0\" >\n\t\t<div class=\"vc_column-inner\" >\n\t\t\t<div class=\"wpb_wrapper\">\n\t\t\t\t<h1 style=\"text-align: left\" class=\"vc_custom_heading\" >Renovaci\u00f3n<\/h1>\n<div class=\"wpb_text_column wpb_content_element\" >\n\t<div class=\"wpb_wrapper\">\n\t\t<p class=\"text\">Durante la renovaci\u00f3n de una estructura, se utiliza un modelo BIM para una evaluaci\u00f3n precisa del alcance de las actividades de reparaci\u00f3n y los costos asociados. Esto nos permite evitar problemas inesperados y gastos excesivos durante la ejecuci\u00f3n de las tareas. Despu\u00e9s de completar las obras de renovaci\u00f3n, actualizamos el modelo de informaci\u00f3n, lo que garantiza la actualizaci\u00f3n de los datos sobre el estado del objeto.<\/p>\n\t<\/div>\n<\/div>\n\n\n\n<div class=\"img-with-aniamtion-wrap\" data-max-width=\"100%\" data-max-width-mobile=\"default\" data-shadow=\"none\" data-animation=\"none\" >\n      <div class=\"inner\">\n        <div class=\"hover-wrap\"> \n          <div class=\"hover-wrap-inner\">\n            <img loading=\"lazy\" decoding=\"async\" class=\"img-with-animation skip-lazy\" data-delay=\"0\" height=\"322\" width=\"515\" data-animation=\"none\" src=\"https:\/\/draftec.pro\/wp-content\/uploads\/2023\/06\/ren-min.jpg\" alt=\"\" srcset=\"https:\/\/draftec.pro\/wp-content\/uploads\/2023\/06\/ren-min.jpg 515w, https:\/\/draftec.pro\/wp-content\/uploads\/2023\/06\/ren-min-300x188.jpg 300w\" sizes=\"auto, (max-width: 515px) 100vw, 515px\" \/>\n          <\/div>\n        <\/div>\n      <\/div>\n    <\/div>\n\t\t\t<\/div> \n\t\t<\/div>\n\t<\/div> \n<\/div><\/div>\n\t\t<div id=\"fws_69e0e71b7b2b0\"  data-column-margin=\"default\" data-midnight=\"dark\"  class=\"wpb_row vc_row-fluid vc_row bim_etap bottom_margin_100px bottom_margin_tablet_64px\"  style=\"padding-top: 0px; padding-bottom: 0px; \"><div class=\"row-bg-wrap\" data-bg-animation=\"none\" data-bg-animation-delay=\"\" data-bg-overlay=\"false\"><div class=\"inner-wrap row-bg-layer\" ><div class=\"row-bg viewport-desktop\"  style=\"\"><\/div><\/div><\/div><div class=\"row_col_wrap_12 col span_12 dark left\">\n\t<div  class=\"vc_col-sm-12 wpb_column column_container vc_column_container col has-animation no-extra-padding inherit_tablet inherit_phone\"  data-padding-pos=\"all\" data-has-bg-color=\"false\" data-bg-color=\"\" data-bg-opacity=\"1\" data-animation=\"fade-in-from-left\" data-delay=\"0\" >\n\t\t<div class=\"vc_column-inner\" >\n\t\t\t<div class=\"wpb_wrapper\">\n\t\t\t\t<h2 style=\"text-align: left\" class=\"vc_custom_heading\" >SERVICIOS<\/h2><div class=\"toggles\" data-br=\"\" data-starting=\"default\" data-style=\"minimal\"><div class=\"toggle default\" data-inner-wrap=\"true\"><h3 class=\"toggle-title\"><a href=\"#\" class=\"toggle-heading\"><i class=\"fa fa-plus-circle\"><\/i>Creaci\u00f3n de un modelo de informaci\u00f3n actual del objeto<\/a><\/h3><div><div class=\"inner-toggle-wrap\">\n<div class=\"wpb_text_column wpb_content_element\" >\n\t<div class=\"wpb_wrapper\">\n\t\t<p class=\"text\">La creaci\u00f3n de un modelo de informaci\u00f3n actual del objeto comienza con un an\u00e1lisis de la documentaci\u00f3n t\u00e9cnica disponible. Esto significa estudiar todos los dibujos, planos y especificaciones existentes para una comprensi\u00f3n completa del estado actual del objeto. Este paso es cr\u00edticamente importante para garantizar la precisi\u00f3n del modelo subsiguiente.<\/p>\n<p class=\"text\">Despu\u00e9s de examinar la documentaci\u00f3n t\u00e9cnica, el siguiente paso es realizar un escaneo l\u00e1ser o fotogrametr\u00eda del objeto. Esto nos permite obtener medidas precisas y la geometr\u00eda del objeto, lo que no se puede lograr solo con el an\u00e1lisis de la documentaci\u00f3n.<\/p>\n<p class=\"text\">Luego, los datos recopilados se transforman en un modelo de informaci\u00f3n. Este es el proceso de traducir los datos recopilados en una forma digital que puede ser f\u00e1cilmente interpretada y utilizada para an\u00e1lisis y planificaci\u00f3n posteriores.<\/p>\n\t<\/div>\n<\/div>\n\n\n\n<\/div><\/div><\/div><div class=\"toggle default\" data-inner-wrap=\"true\"><h3 class=\"toggle-title\"><a href=\"#\" class=\"toggle-heading\"><i class=\"fa fa-plus-circle\"><\/i>Creaci\u00f3n de un modelo de trabajo de demolici\u00f3n<\/a><\/h3><div><div class=\"inner-toggle-wrap\">\n<div class=\"wpb_text_column wpb_content_element\" >\n\t<div class=\"wpb_wrapper\">\n\t\t<p class=\"text\">La creaci\u00f3n de un modelo de trabajo de demolici\u00f3n comienza con la definici\u00f3n del volumen de trabajos de demolici\u00f3n. Basado en el modelo de informaci\u00f3n obtenido, se analizan todas las estructuras que necesitan ser desmontadas y se determina el volumen total de trabajo.<\/p>\n<p class=\"text\">Luego se desarrolla un cronograma de demolici\u00f3n. Este plan tiene en cuenta todos los factores como la disponibilidad de recursos laborales, equipo, requisitos de seguridad y otras limitaciones, para garantizar la ejecuci\u00f3n eficiente y segura de las obras de demolici\u00f3n.<\/p>\n<p class=\"text\">Finalmente, basado en el volumen y el plan de trabajo, se desarrolla un costo estimado de demolici\u00f3n. Esto permite una evaluaci\u00f3n preliminar del costo del trabajo y la planificaci\u00f3n del presupuesto del proyecto.<\/p>\n\t<\/div>\n<\/div>\n\n\n\n<\/div><\/div><\/div><\/div>\n\n\n\n\n\n\n\n\n\n\n\n\n\n\n\n\n\n\n\n\n\t\t\t<\/div> \n\t\t<\/div>\n\t<\/div> \n<\/div><\/div>\n\t\t<div id=\"fws_69e0e71b7bfb7\"  data-column-margin=\"default\" data-midnight=\"dark\"  class=\"wpb_row vc_row-fluid vc_row bim_du bottom_margin_100px bottom_margin_tablet_64px\"  style=\"padding-top: 0px; padding-bottom: 0px; \"><div class=\"row-bg-wrap\" data-bg-animation=\"none\" data-bg-animation-delay=\"\" data-bg-overlay=\"false\"><div class=\"inner-wrap row-bg-layer\" ><div class=\"row-bg viewport-desktop\"  style=\"\"><\/div><\/div><\/div><div class=\"row_col_wrap_12 col span_12 dark left\">\n\t<div  class=\"vc_col-sm-12 wpb_column column_container vc_column_container col has-animation no-extra-padding inherit_tablet inherit_phone\"  data-padding-pos=\"all\" data-has-bg-color=\"false\" data-bg-color=\"\" data-bg-opacity=\"1\" data-animation=\"fade-in-from-left\" data-delay=\"0\" >\n\t\t<div class=\"vc_column-inner\" >\n\t\t\t<div class=\"wpb_wrapper\">\n\t\t\t\t<h2 style=\"text-align: left\" class=\"vc_custom_heading\" >Servicios en otras etapas<\/h2><div class=\"nectar-fancy-box nectar-underline using-img  aspect-1-1\"  data-style=\"image_above_text_underline\" data-border-radius=\"default\" data-animation=\"\" data-delay=\"\" data-alignment=\"left\"><div class=\"image-wrap\"><div class=\"box-bg\"  style=\"background-image: url('https:\/\/draftec.pro\/wp-content\/uploads\/2023\/06\/expluat-min.jpg'); \"><\/div><\/div>\n\t\t<div class=\"text\">\n<p class=\"gir\">Operaci\u00f3n<\/p>\n<\/div> <a  href=\"https:\/\/draftec.pro\/esp\/ekspluatacziya\/\" class=\"box-link\"><\/a>\n\t\t<\/div><div class=\"nectar-fancy-box nectar-underline using-img  aspect-1-1\"  data-style=\"image_above_text_underline\" data-border-radius=\"default\" data-animation=\"\" data-delay=\"\" data-alignment=\"left\"><div class=\"image-wrap\"><div class=\"box-bg\"  style=\"background-image: url('https:\/\/draftec.pro\/wp-content\/uploads\/2023\/06\/vnedrenie-1.jpg'); \"><\/div><\/div>\n\t\t<div class=\"text\">\n<p class=\"gir\">Implementaci\u00f3n de BIM<\/p>\n<\/div> <a  href=\"https:\/\/draftec.pro\/esp\/vnedrenie-bim\/\" class=\"box-link\"><\/a>\n\t\t<\/div>\n\t\t\t<\/div> \n\t\t<\/div>\n\t<\/div> \n<\/div><\/div>","protected":false},"excerpt":{"rendered":"<p>&#8230;<\/p>","protected":false},"author":2,"featured_media":0,"parent":0,"menu_order":0,"comment_status":"closed","ping_status":"closed","template":"","meta":{"inline_featured_image":false,"footnotes":""},"class_list":["post-2649","page","type-page","status-publish"],"_links":{"self":[{"href":"https:\/\/draftec.pro\/esp\/wp-json\/wp\/v2\/pages\/2649","targetHints":{"allow":["GET"]}}],"collection":[{"href":"https:\/\/draftec.pro\/esp\/wp-json\/wp\/v2\/pages"}],"about":[{"href":"https:\/\/draftec.pro\/esp\/wp-json\/wp\/v2\/types\/page"}],"author":[{"embeddable":true,"href":"https:\/\/draftec.pro\/esp\/wp-json\/wp\/v2\/users\/2"}],"replies":[{"embeddable":true,"href":"https:\/\/draftec.pro\/esp\/wp-json\/wp\/v2\/comments?post=2649"}],"version-history":[{"count":12,"href":"https:\/\/draftec.pro\/esp\/wp-json\/wp\/v2\/pages\/2649\/revisions"}],"predecessor-version":[{"id":2896,"href":"https:\/\/draftec.pro\/esp\/wp-json\/wp\/v2\/pages\/2649\/revisions\/2896"}],"wp:attachment":[{"href":"https:\/\/draftec.pro\/esp\/wp-json\/wp\/v2\/media?parent=2649"}],"curies":[{"name":"wp","href":"https:\/\/api.w.org\/{rel}","templated":true}]}}