


{"id":2647,"date":"2023-06-20T17:13:46","date_gmt":"2023-06-20T14:13:46","guid":{"rendered":"http:\/\/draftec.pro.swtest.ru\/?page_id=2647"},"modified":"2023-07-21T11:56:15","modified_gmt":"2023-07-21T08:56:15","slug":"ekspluatacziya","status":"publish","type":"page","link":"https:\/\/draftec.pro\/esp\/ekspluatacziya\/","title":{"rendered":"Operaci\u00f3n"},"content":{"rendered":"<div id=\"fws_69e0ec074bcbf\"  data-column-margin=\"default\" data-midnight=\"dark\"  class=\"wpb_row vc_row-fluid vc_row bim_perb bottom_margin_100px bottom_margin_tablet_64px\"  style=\"padding-top: 0px; padding-bottom: 0px; \"><div class=\"row-bg-wrap\" data-bg-animation=\"none\" data-bg-animation-delay=\"\" data-bg-overlay=\"false\"><div class=\"inner-wrap row-bg-layer\" ><div class=\"row-bg viewport-desktop\"  style=\"\"><\/div><\/div><\/div><div class=\"row_col_wrap_12 col span_12 dark left\">\n\t<div  class=\"vc_col-sm-12 wpb_column column_container vc_column_container col has-animation no-extra-padding inherit_tablet inherit_phone\"  data-padding-pos=\"all\" data-has-bg-color=\"false\" data-bg-color=\"\" data-bg-opacity=\"1\" data-animation=\"fade-in-from-bottom\" data-delay=\"0\" >\n\t\t<div class=\"vc_column-inner\" >\n\t\t\t<div class=\"wpb_wrapper\">\n\t\t\t\t<h1 style=\"text-align: left\" class=\"vc_custom_heading\" >Operaci\u00f3n<\/h1>\n<div class=\"wpb_text_column wpb_content_element\" >\n\t<div class=\"wpb_wrapper\">\n\t\t<p class=\"text\">En la etapa de operaci\u00f3n, convertimos el modelo BIM en una herramienta eficaz de gesti\u00f3n del edificio. Proporcionamos informaci\u00f3n completa sobre cada elemento del edificio, sus caracter\u00edsticas y su historial de mantenimiento. Esto nos ayuda a planificar eficazmente las reparaciones y el mantenimiento, controlar el consumo de energ\u00eda y gestionar los recursos del edificio.<\/p>\n\t<\/div>\n<\/div>\n\n\n\n<div class=\"img-with-aniamtion-wrap\" data-max-width=\"100%\" data-max-width-mobile=\"default\" data-shadow=\"none\" data-animation=\"none\" >\n      <div class=\"inner\">\n        <div class=\"hover-wrap\"> \n          <div class=\"hover-wrap-inner\">\n            <img loading=\"lazy\" decoding=\"async\" class=\"img-with-animation skip-lazy\" data-delay=\"0\" height=\"322\" width=\"515\" data-animation=\"none\" src=\"https:\/\/draftec.pro\/wp-content\/uploads\/2023\/06\/ex-min.jpg\" alt=\"\" srcset=\"https:\/\/draftec.pro\/wp-content\/uploads\/2023\/06\/ex-min.jpg 515w, https:\/\/draftec.pro\/wp-content\/uploads\/2023\/06\/ex-min-300x188.jpg 300w\" sizes=\"auto, (max-width: 515px) 100vw, 515px\" \/>\n          <\/div>\n        <\/div>\n      <\/div>\n    <\/div>\n\t\t\t<\/div> \n\t\t<\/div>\n\t<\/div> \n<\/div><\/div>\n\t\t<div id=\"fws_69e0ec074e9d1\"  data-column-margin=\"default\" data-midnight=\"dark\"  class=\"wpb_row vc_row-fluid vc_row bim_etap bottom_margin_100px bottom_margin_tablet_64px\"  style=\"padding-top: 0px; padding-bottom: 0px; \"><div class=\"row-bg-wrap\" data-bg-animation=\"none\" data-bg-animation-delay=\"\" data-bg-overlay=\"false\"><div class=\"inner-wrap row-bg-layer\" ><div class=\"row-bg viewport-desktop\"  style=\"\"><\/div><\/div><\/div><div class=\"row_col_wrap_12 col span_12 dark left\">\n\t<div  class=\"vc_col-sm-12 wpb_column column_container vc_column_container col has-animation no-extra-padding inherit_tablet inherit_phone\"  data-padding-pos=\"all\" data-has-bg-color=\"false\" data-bg-color=\"\" data-bg-opacity=\"1\" data-animation=\"fade-in-from-left\" data-delay=\"0\" >\n\t\t<div class=\"vc_column-inner\" >\n\t\t\t<div class=\"wpb_wrapper\">\n\t\t\t\t<h2 style=\"text-align: left\" class=\"vc_custom_heading\" >Servicios:<\/h2><div class=\"toggles\" data-br=\"\" data-starting=\"default\" data-style=\"minimal\"><div class=\"toggle default\" data-inner-wrap=\"true\"><h3 class=\"toggle-title\"><a href=\"#\" class=\"toggle-heading\"><i class=\"fa fa-plus-circle\"><\/i>Aceptaci\u00f3n del modelo ejecutivo<\/a><\/h3><div><div class=\"inner-toggle-wrap\">\n<div class=\"wpb_text_column wpb_content_element\" >\n\t<div class=\"wpb_wrapper\">\n\t\t<p class=\"text\">Durante la recepci\u00f3n del modelo ejecutivo del cliente, se lleva a cabo un exhaustivo examen del modelo en cuanto a su contenido, la presencia de errores y otras discrepancias. Esto incluye la verificaci\u00f3n de la disponibilidad de informaci\u00f3n completa y precisa sobre materiales, equipos, actas de aceptaci\u00f3n y garant\u00edas. Tambi\u00e9n se verifica obligatoriamente la presencia de URL que enlacen a certificados de calidad, cat\u00e1logos y fichas t\u00e9cnicas. El objetivo de este proceso es garantizar la veracidad de los datos en el modelo, necesarios para desarrollar un gemelo digital que se utilizar\u00e1 durante la operaci\u00f3n del objeto.<\/p>\n\t<\/div>\n<\/div>\n\n\n\n<\/div><\/div><\/div><div class=\"toggle default\" data-inner-wrap=\"true\"><h3 class=\"toggle-title\"><a href=\"#\" class=\"toggle-heading\"><i class=\"fa fa-plus-circle\"><\/i>Configuraci\u00f3n de m\u00f3dulos de informaci\u00f3n<\/a><\/h3><div><div class=\"inner-toggle-wrap\">\n<div class=\"wpb_text_column wpb_content_element\" >\n\t<div class=\"wpb_wrapper\">\n\t\t<p class=\"text\">Al realizar mejoras en el modelo de informaci\u00f3n para el proceso de operaci\u00f3n del objeto, es importante conectar una serie de m\u00f3dulos de informaci\u00f3n. Se seleccionar\u00e1n soluciones de software necesarias en funci\u00f3n de las tareas que el cliente nos plantea. Estos pueden incluir:<\/p>\n<ul>\n<li>Un m\u00f3dulo de control para m\u00e1quinas e interruptores, que permite un control y gesti\u00f3n centralizados de la iluminaci\u00f3n, los electrodom\u00e9sticos y el suministro de energ\u00eda dentro de la instalaci\u00f3n.<\/li>\n<li>Un m\u00f3dulo para gestionar bienes ra\u00edces comerciales, almacenando datos de inquilinos, informaci\u00f3n sobre contratos de arrendamiento, informaci\u00f3n de contacto de los inquilinos y otros documentos complementarios.<\/li>\n<li>Un m\u00f3dulo de lecturas de medidores, que monitorea los recursos consumidos, como energ\u00eda y agua, y analiza los datos para optimizar los costos.<\/li>\n<li>Un m\u00f3dulo para manejar situaciones de emergencia proporciona la capacidad de responder a emergencias, como incendios o inundaciones, y tomar medidas oportunas para eliminarlas.<\/li>\n<\/ul>\n\t<\/div>\n<\/div>\n\n\n\n<\/div><\/div><\/div><div class=\"toggle default\" data-inner-wrap=\"true\"><h3 class=\"toggle-title\"><a href=\"#\" class=\"toggle-heading\"><i class=\"fa fa-plus-circle\"><\/i>Creaci\u00f3n de un gemelo digital<\/a><\/h3><div><div class=\"inner-toggle-wrap\">\n<div class=\"wpb_text_column wpb_content_element\" >\n\t<div class=\"wpb_wrapper\">\n\t\t<p>Creando un gemelo digital a partir del modelo de informaci\u00f3n desarrollado por los especialistas de Draftec o proporcionado por el cliente, aseguramos la operaci\u00f3n m\u00e1s eficiente y segura del objeto, seleccionando el formato de intercambio de datos \u00f3ptimo y conectando los m\u00f3dulos funcionales necesarios.<\/p>\n<p class=\"text\">El gemelo digital se puede utilizar no solo en la etapa de operaci\u00f3n, sino tambi\u00e9n durante la reconstrucci\u00f3n o cambio del prop\u00f3sito funcional de la instalaci\u00f3n, ya que tiene toda la informaci\u00f3n sobre su estado actual.<\/p>\n\t<\/div>\n<\/div>\n\n\n\n<\/div><\/div><\/div><\/div>\n\n\n\n\n\n\n\n\n\n\n\n\n\n\n\n\n\n\n\n\n\t\t\t<\/div> \n\t\t<\/div>\n\t<\/div> \n<\/div><\/div>\n\t\t<div id=\"fws_69e0ec074f952\"  data-column-margin=\"default\" data-midnight=\"dark\"  class=\"wpb_row vc_row-fluid vc_row bim_du bottom_margin_100px bottom_margin_tablet_64px\"  style=\"padding-top: 0px; padding-bottom: 0px; \"><div class=\"row-bg-wrap\" data-bg-animation=\"none\" data-bg-animation-delay=\"\" data-bg-overlay=\"false\"><div class=\"inner-wrap row-bg-layer\" ><div class=\"row-bg viewport-desktop\"  style=\"\"><\/div><\/div><\/div><div class=\"row_col_wrap_12 col span_12 dark left\">\n\t<div  class=\"vc_col-sm-12 wpb_column column_container vc_column_container col has-animation no-extra-padding inherit_tablet inherit_phone\"  data-padding-pos=\"all\" data-has-bg-color=\"false\" data-bg-color=\"\" data-bg-opacity=\"1\" data-animation=\"fade-in-from-left\" data-delay=\"0\" >\n\t\t<div class=\"vc_column-inner\" >\n\t\t\t<div class=\"wpb_wrapper\">\n\t\t\t\t<h2 style=\"text-align: left\" class=\"vc_custom_heading\" >Servicios en otras etapas<\/h2><div class=\"nectar-fancy-box nectar-underline using-img  aspect-1-1\"  data-style=\"image_above_text_underline\" data-border-radius=\"default\" data-animation=\"\" data-delay=\"\" data-alignment=\"left\"><div class=\"image-wrap\"><div class=\"box-bg\"  style=\"background-image: url('https:\/\/draftec.pro\/wp-content\/uploads\/2023\/06\/stroitelstvo-min.jpg'); \"><\/div><\/div>\n\t\t<div class=\"text\">\n<p class=\"gir\">Construcci\u00f3n<\/p>\n<\/div> <a  href=\"https:\/\/draftec.pro\/esp\/stroitelstvo\/\" class=\"box-link\"><\/a>\n\t\t<\/div><div class=\"nectar-fancy-box nectar-underline using-img  aspect-1-1\"  data-style=\"image_above_text_underline\" data-border-radius=\"default\" data-animation=\"\" data-delay=\"\" data-alignment=\"left\"><div class=\"image-wrap\"><div class=\"box-bg\"  style=\"background-image: url('https:\/\/draftec.pro\/wp-content\/uploads\/2023\/06\/renovacia-min.jpg'); \"><\/div><\/div>\n\t\t<div class=\"text\">\n<p class=\"gir\">Renovaci\u00f3n<\/p>\n<\/div> <a  href=\"https:\/\/draftec.pro\/esp\/renovacziya\/\" class=\"box-link\"><\/a>\n\t\t<\/div>\n\t\t\t<\/div> \n\t\t<\/div>\n\t<\/div> \n<\/div><\/div>","protected":false},"excerpt":{"rendered":"<p>&#8230;<\/p>","protected":false},"author":2,"featured_media":0,"parent":0,"menu_order":0,"comment_status":"closed","ping_status":"closed","template":"","meta":{"inline_featured_image":false,"footnotes":""},"class_list":["post-2647","page","type-page","status-publish"],"_links":{"self":[{"href":"https:\/\/draftec.pro\/esp\/wp-json\/wp\/v2\/pages\/2647","targetHints":{"allow":["GET"]}}],"collection":[{"href":"https:\/\/draftec.pro\/esp\/wp-json\/wp\/v2\/pages"}],"about":[{"href":"https:\/\/draftec.pro\/esp\/wp-json\/wp\/v2\/types\/page"}],"author":[{"embeddable":true,"href":"https:\/\/draftec.pro\/esp\/wp-json\/wp\/v2\/users\/2"}],"replies":[{"embeddable":true,"href":"https:\/\/draftec.pro\/esp\/wp-json\/wp\/v2\/comments?post=2647"}],"version-history":[{"count":10,"href":"https:\/\/draftec.pro\/esp\/wp-json\/wp\/v2\/pages\/2647\/revisions"}],"predecessor-version":[{"id":2870,"href":"https:\/\/draftec.pro\/esp\/wp-json\/wp\/v2\/pages\/2647\/revisions\/2870"}],"wp:attachment":[{"href":"https:\/\/draftec.pro\/esp\/wp-json\/wp\/v2\/media?parent=2647"}],"curies":[{"name":"wp","href":"https:\/\/api.w.org\/{rel}","templated":true}]}}