


{"id":1810,"date":"2023-06-09T17:28:04","date_gmt":"2023-06-09T14:28:04","guid":{"rendered":"http:\/\/draftec.pro.swtest.ru\/?page_id=1810"},"modified":"2023-06-26T17:43:31","modified_gmt":"2023-06-26T14:43:31","slug":"politika-konfidenczialnosti","status":"publish","type":"page","link":"https:\/\/draftec.pro\/esp\/politika-konfidenczialnosti\/","title":{"rendered":"Pol\u00edtica de privacidad"},"content":{"rendered":"<div id=\"fws_69e100aec7bff\"  data-column-margin=\"default\" data-midnight=\"dark\"  class=\"wpb_row vc_row-fluid vc_row  bottom_margin_100px bottom_margin_tablet_64px\"  style=\"padding-top: 0px; padding-bottom: 0px; \"><div class=\"row-bg-wrap\" data-bg-animation=\"none\" data-bg-animation-delay=\"\" data-bg-overlay=\"false\"><div class=\"inner-wrap row-bg-layer\" ><div class=\"row-bg viewport-desktop\"  style=\"\"><\/div><\/div><\/div><div class=\"row_col_wrap_12 col span_12 dark left\">\n\t<div  class=\"vc_col-sm-12 wpb_column column_container vc_column_container col no-extra-padding inherit_tablet inherit_phone\"  data-padding-pos=\"all\" data-has-bg-color=\"false\" data-bg-color=\"\" data-bg-opacity=\"1\" data-animation=\"\" data-delay=\"0\" >\n\t\t<div class=\"vc_column-inner\" >\n\t\t\t<div class=\"wpb_wrapper\">\n\t\t\t\t\n<div class=\"wpb_text_column wpb_content_element\" >\n\t<div class=\"wpb_wrapper\">\n\t\t<h3>Pol\u00edtica de Privacidad de draftec.pro<\/h3>\n<p><em>1. Introducci\u00f3n<\/em><br \/>\nEl sitio draftec.pro respeta y protege la privacidad de todas las personas que utilizan sus servicios. Esta Pol\u00edtica de Privacidad explica qu\u00e9 datos recopilamos, c\u00f3mo los utilizamos y c\u00f3mo puedes controlar el uso de tu informaci\u00f3n personal.<\/p>\n<p><em>2. Datos recopilados<\/em><br \/>\nEn el curso del uso de nuestro sitio, podemos recopilar la siguiente informaci\u00f3n:<\/p>\n<ul>\n<li>Informaci\u00f3n que proporcionas al rellenar formularios en nuestro sitio, incluyendo, pero no limitado a, informaci\u00f3n que proporcionas al registrarte, suscribirte a nuestros servicios, o enviar una solicitud a trav\u00e9s del formulario de feedback.<\/li>\n<li>Datos sobre tus visitas a nuestro sitio y el uso de sus recursos.<\/li>\n<li>Informaci\u00f3n proporcionada al interactuar con nosotros a trav\u00e9s de las redes sociales.<\/li>\n<\/ul>\n<p><em>3. Uso de los datos<\/em><br \/>\nUtilizamos la informaci\u00f3n recopilada para los siguientes fines:<\/p>\n<ul>\n<li>Gesti\u00f3n y administraci\u00f3n de nuestro sitio.<\/li>\n<li>Mejora de nuestros servicios.<\/li>\n<li>Proporcionar la informaci\u00f3n o servicios que has solicitado.<\/li>\n<li>Mejorar la experiencia del usuario en nuestro sitio.<\/li>\n<li>Resoluci\u00f3n de problemas t\u00e9cnicos o problemas de seguridad.<\/li>\n<li>Realizaci\u00f3n de an\u00e1lisis e investigaciones estad\u00edsticas.<\/li>\n<li>Cumplimiento de la legislaci\u00f3n y prevenci\u00f3n del fraude.<\/li>\n<\/ul>\n<p><em>4. Divulgaci\u00f3n de la informaci\u00f3n<\/em><br \/>\nNo vendemos, comerciamos ni transferimos tu informaci\u00f3n personal a terceros. Esto no se aplica a empresas de terceros de confianza que nos ayudan a operar nuestro sitio web o a llevar a cabo nuestro negocio, siempre que estas partes se comprometan a mantener esta informaci\u00f3n confidencial.<\/p>\n<p><em>5. Protecci\u00f3n de la informaci\u00f3n<\/em><br \/>\nTomamos diversas medidas de seguridad para proteger tus datos personales, incluyendo medidas administrativas, t\u00e9cnicas y f\u00edsicas para proteger tus datos de la p\u00e9rdida, el robo, el mal uso, el acceso no autorizado, la divulgaci\u00f3n, la alteraci\u00f3n y la destrucci\u00f3n.<\/p>\n<p><em>6. Control sobre tu informaci\u00f3n<\/em><br \/>\nTienes derecho a solicitar el acceso a tu informaci\u00f3n personal, corregirla, eliminarla o limitar su procesamiento, as\u00ed como a oponerte al procesamiento y solicitar la transferencia de datos.<\/p>\n<p><em>7. Cambios en la pol\u00edtica de privacidad<\/em><br \/>\nNos reservamos el derecho de hacer cambios en esta Pol\u00edtica de Privacidad en cualquier momento. Cualquier cambio ser\u00e1 publicado inmediatamente en esta p\u00e1gina.<\/p>\n<p><em>8. Informaci\u00f3n de contacto<\/em><br \/>\nSi tienes alguna pregunta con respecto a esta Pol\u00edtica de Privacidad, por favor cont\u00e1ctanos en: info@draftec.pro.<\/p>\n\t<\/div>\n<\/div>\n\n\n\n\n\t\t\t<\/div> \n\t\t<\/div>\n\t<\/div> \n<\/div><\/div>","protected":false},"excerpt":{"rendered":"<p>&#8230;<\/p>","protected":false},"author":2,"featured_media":0,"parent":0,"menu_order":0,"comment_status":"closed","ping_status":"closed","template":"","meta":{"inline_featured_image":false,"footnotes":""},"class_list":["post-1810","page","type-page","status-publish"],"_links":{"self":[{"href":"https:\/\/draftec.pro\/esp\/wp-json\/wp\/v2\/pages\/1810","targetHints":{"allow":["GET"]}}],"collection":[{"href":"https:\/\/draftec.pro\/esp\/wp-json\/wp\/v2\/pages"}],"about":[{"href":"https:\/\/draftec.pro\/esp\/wp-json\/wp\/v2\/types\/page"}],"author":[{"embeddable":true,"href":"https:\/\/draftec.pro\/esp\/wp-json\/wp\/v2\/users\/2"}],"replies":[{"embeddable":true,"href":"https:\/\/draftec.pro\/esp\/wp-json\/wp\/v2\/comments?post=1810"}],"version-history":[{"count":13,"href":"https:\/\/draftec.pro\/esp\/wp-json\/wp\/v2\/pages\/1810\/revisions"}],"predecessor-version":[{"id":2833,"href":"https:\/\/draftec.pro\/esp\/wp-json\/wp\/v2\/pages\/1810\/revisions\/2833"}],"wp:attachment":[{"href":"https:\/\/draftec.pro\/esp\/wp-json\/wp\/v2\/media?parent=1810"}],"curies":[{"name":"wp","href":"https:\/\/api.w.org\/{rel}","templated":true}]}}