


{"id":1270,"date":"2023-06-07T13:45:27","date_gmt":"2023-06-07T10:45:27","guid":{"rendered":"http:\/\/draftec.pro.swtest.ru\/?page_id=1270"},"modified":"2023-07-05T18:38:16","modified_gmt":"2023-07-05T15:38:16","slug":"proekty","status":"publish","type":"page","link":"https:\/\/draftec.pro\/esp\/proekty\/","title":{"rendered":"PROYECTOS"},"content":{"rendered":"<div id=\"fws_69e0e72b2f364\"  data-column-margin=\"default\" data-midnight=\"dark\"  class=\"wpb_row vc_row-fluid vc_row pro_f bottom_margin_64px bottom_margin_tablet_32px\"  style=\"padding-top: 0px; padding-bottom: 0px; \"><div class=\"row-bg-wrap\" data-bg-animation=\"none\" data-bg-animation-delay=\"\" data-bg-overlay=\"false\"><div class=\"inner-wrap row-bg-layer\" ><div class=\"row-bg viewport-desktop\"  style=\"\"><\/div><\/div><\/div><div class=\"row_col_wrap_12 col span_12 dark left\">\n\t<div  class=\"vc_col-sm-12 wpb_column column_container vc_column_container col has-animation no-extra-padding inherit_tablet inherit_phone\"  data-padding-pos=\"all\" data-has-bg-color=\"false\" data-bg-color=\"\" data-bg-opacity=\"1\" data-animation=\"fade-in-from-left\" data-delay=\"0\" >\n\t\t<div class=\"vc_column-inner\" >\n\t\t\t<div class=\"wpb_wrapper\">\n\t\t\t\t<h1 style=\"text-align: left\" class=\"vc_custom_heading\" >Nuestros casos<\/h1>\n<div class=\"wpb_text_column wpb_content_element\" >\n\t<div class=\"wpb_wrapper\">\n\t\t<p class=\"text\">Siempre nos esforzamos por hacer que el proceso de implementaci\u00f3n de proyectos en la industria de la construcci\u00f3n sea m\u00e1s eficiente, preciso e innovador, gracias al uso de avanzadas tecnolog\u00edas de Building Information Modeling (BIM).<\/p>\n\t<\/div>\n<\/div>\n\n\n\n\n<div class=\"wpb_text_column wpb_content_element\" >\n\t<div class=\"wpb_wrapper\">\n\t\t<p class=\"dpt\">Mostrando una amplia gama de direcciones<\/p>\n<h2 class=\"vc_custom_heading\">Proyectos implementados con \u00e9xito<\/h2>\n\t<\/div>\n<\/div>\n\n\n\n<div id=\"fws_69e0e72b314c7\" data-midnight=\"\" data-column-margin=\"default\" class=\"wpb_row vc_row-fluid vc_row inner_row cast_db\"  style=\"\"><div class=\"row-bg-wrap\"> <div class=\"row-bg\" ><\/div> <\/div><div class=\"row_col_wrap_12_inner col span_12  left\">\n\t<div  class=\"vc_col-sm-6 wpb_column column_container vc_column_container col child_column no-extra-padding inherit_tablet inherit_phone\"   data-padding-pos=\"all\" data-has-bg-color=\"false\" data-bg-color=\"\" data-bg-opacity=\"1\" data-animation=\"\" data-delay=\"0\" >\n\t\t<div class=\"vc_column-inner\" >\n\t\t<div class=\"wpb_wrapper\">\n\t\t\t\n<div class=\"wpb_text_column wpb_content_element\" >\n\t<div class=\"wpb_wrapper\">\n\t\t<p class=\"gir\">43<\/p>\n<p class=\"text\">proyectos implementados<\/p>\n<p class=\"gir\">9 pa\u00edses<\/p>\n<p class=\"text\">geograf\u00eda de los proyectos<\/p>\n<p class=\"gir\">2.2 millones m2<\/p>\n<p class=\"text\">\u00e1rea total de los proyectos<\/p>\n<p class=\"gir\">2+ mil millones $<\/p>\n<p class=\"text\">CAPEX total de los proyectos<\/p>\n\t<\/div>\n<\/div>\n\n\n\n\n\t\t<\/div> \n\t<\/div>\n\t<\/div> \n\n\t<div  class=\"vc_col-sm-6 slb wpb_column column_container vc_column_container col child_column no-extra-padding inherit_tablet inherit_phone\"   data-padding-pos=\"all\" data-has-bg-color=\"false\" data-bg-color=\"\" data-bg-opacity=\"1\" data-animation=\"\" data-delay=\"0\" >\n\t\t<div class=\"vc_column-inner\" >\n\t\t<div class=\"wpb_wrapper\">\n\t\t\t\n\t<div class=\"wpb_raw_code wpb_content_element wpb_raw_html\" >\n\t\t<div class=\"wpb_wrapper\">\n\t\t\t<p class=\"text\">Industria<\/p>\n<div class=\"dabelm\">\n<div>\n<p class=\"img\" style=\"background:url(\/wp-content\/uploads\/2023\/06\/neftegaz.jpg);\">Petr\u00f3leo y gas<\/p>\n<p class=\"img\" style=\"background:url(\/wp-content\/uploads\/2023\/06\/gornodobivaishie.jpg);\">Miner\u00eda<\/p>\n<p class=\"img\" style=\"background:url(\/wp-content\/uploads\/2023\/06\/electro.jpg);\">El\u00e9ctrica<\/p>\n<\/div>\n<div>\n<p class=\"img\" style=\"background:url(\/wp-content\/uploads\/2023\/06\/pishevaia.jpg);\">Alimentaci\u00f3n<\/p>\n<p class=\"img\" style=\"background:url(\/wp-content\/uploads\/2023\/06\/mashina.jpg);\">Maquinaria<\/p>\n<\/div>\n<\/div>\n<p class=\"text\">Construcci\u00f3n civil<\/p>\n<div class=\"dabelm\">\n<div>\n<p class=\"img\" style=\"background:url(\/wp-content\/uploads\/2023\/06\/ofis.jpg);\">Oficina<\/p>\n<p class=\"img\" style=\"background:url(\/wp-content\/uploads\/2023\/06\/otel.jpg);\">Residencial\/Hotel<\/p>\n<p class=\"img\" style=\"background:url(\/wp-content\/uploads\/2023\/06\/infrastructure.jpg);\">Infraestructura<\/p>\n<\/div>\n<div>\n<p class=\"img\" style=\"background:url(\/wp-content\/uploads\/2023\/06\/admin.jpg);\">Administrativa<\/p>\n<p class=\"img\" style=\"background:url(\/wp-content\/uploads\/2023\/06\/med.jpg);\">M\u00e9dica<\/p>\n<\/div>\n<\/div>\n\t\t<\/div>\n\t<\/div>\n\n\t\t<\/div> \n\t<\/div>\n\t<\/div> \n<\/div><\/div>\n\t\t\t<\/div> \n\t\t<\/div>\n\t<\/div> \n<\/div><\/div>\n\t\t<div id=\"fws_69e0e72b31fc9\"  data-column-margin=\"default\" data-midnight=\"dark\"  class=\"wpb_row vc_row-fluid vc_row pro_text bottom_margin_64px\"  style=\"padding-top: 0px; padding-bottom: 0px; \"><div class=\"row-bg-wrap\" data-bg-animation=\"none\" data-bg-animation-delay=\"\" data-bg-overlay=\"false\"><div class=\"inner-wrap row-bg-layer\" ><div class=\"row-bg viewport-desktop\"  style=\"\"><\/div><\/div><\/div><div class=\"row_col_wrap_12 col span_12 dark left\">\n\t<div  class=\"vc_col-sm-12 wpb_column column_container vc_column_container col has-animation no-extra-padding inherit_tablet inherit_phone\"  data-padding-pos=\"all\" data-has-bg-color=\"false\" data-bg-color=\"\" data-bg-opacity=\"1\" data-animation=\"fade-in-from-right\" data-delay=\"0\" >\n\t\t<div class=\"vc_column-inner\" >\n\t\t\t<div class=\"wpb_wrapper\">\n\t\t\t\t\n<div class=\"wpb_text_column wpb_content_element\" >\n\t<div class=\"wpb_wrapper\">\n\t\t<p>En nuestra cartera puedes encontrar una amplia gama de proyectos que hemos implementado con \u00e9xito. Trabajamos con diferentes tipos de objetos de construcci\u00f3n, como edificios residenciales y comerciales, proyectos de infraestructura, instalaciones industriales y mucho m\u00e1s. Prestamos especial atenci\u00f3n a cada proyecto, esforz\u00e1ndonos por alcanzar la m\u00e1xima precisi\u00f3n, calidad y cumplimiento de los requisitos establecidos.<\/p>\n<p>Nuestro equipo est\u00e1 compuesto por especialistas experimentados con un profundo conocimiento en el campo de BIM y la gesti\u00f3n de proyectos. Aplicamos metodolog\u00edas avanzadas y las mejores pr\u00e1cticas para garantizar la coherencia, transparencia y una interacci\u00f3n exitosa entre todos los participantes del proyecto.<\/p>\n<p>Estamos orgullosos de nuestros logros y resultados, y nuestro portafolio es un reflejo de nuestro profesionalismo, experiencia t\u00e9cnica y atenci\u00f3n al detalle. Siempre estamos abiertos a nuevos desaf\u00edos y dispuestos a cooperar en la implementaci\u00f3n de sus proyectos de construcci\u00f3n utilizando tecnolog\u00edas BIM.<\/p>\n\t<\/div>\n<\/div>\n\n\n\n\n\t\t\t<\/div> \n\t\t<\/div>\n\t<\/div> \n<\/div><\/div>\n\t\t<div id=\"fws_69e0e72b3240b\"  data-column-margin=\"default\" data-midnight=\"dark\"  class=\"wpb_row vc_row-fluid vc_row pro_portf bottom_margin_70px bottom_margin_tablet_34px\"  style=\"padding-top: 0px; padding-bottom: 0px; \"><div class=\"row-bg-wrap\" data-bg-animation=\"none\" data-bg-animation-delay=\"\" data-bg-overlay=\"false\"><div class=\"inner-wrap row-bg-layer\" ><div class=\"row-bg viewport-desktop\"  style=\"\"><\/div><\/div><\/div><div class=\"row_col_wrap_12 col span_12 dark left\">\n\t<div  class=\"vc_col-sm-12 wpb_column column_container vc_column_container col has-animation no-extra-padding inherit_tablet inherit_phone\"  data-padding-pos=\"all\" data-has-bg-color=\"false\" data-bg-color=\"\" data-bg-opacity=\"1\" data-animation=\"fade-in-from-right\" data-delay=\"0\" >\n\t\t<div class=\"vc_column-inner\" >\n\t\t\t<div class=\"wpb_wrapper\">\n\t\t\t\t\t\t\t\t\n\t\t\t\t\n\t\t\t\t\n\t\t\t\t<div class=\"portfolio-wrap\">\n\t\t\t\t\t\n\t\t\t\t\t\t\t\t\t\t\n\t\t\t\t\t<span class=\"portfolio-loading  none\">   <\/span>\n\t\t\t\t\t\n\t\t\t\t\t\t\t\t\t\t\n\t\t\t\t\t<div class=\"row portfolio-items masonry-items\" data-rcp=\"false\" data-masonry-type=\"photography\" data-ps=\"1\" data-starting-filter=\"\" data-gutter=\"default\" data-categories-to-show=\"proekty\" data-bypass-cropping=\"true\" data-lightbox-only=\"0\" data-col-num=\"cols-3\">\n\t\t\t\t\t\t\t\t\t\t\t\t\n\t\t\t\t\t\t\t\t\t\t\t\t\n\t\t\t\t\t\t<div class=\"col span_4 regular element proekty\"  data-project-cat=\"proekty \" data-default-color=\"true\" data-title-color=\"\" data-subtitle-color=\"\">\n\t\t\t\t\t\t\t\n\t\t\t\t\t\t\t<div class=\"inner-wrap animated\" data-animation=\"none\">\n\t\t\t\t\t\t\t\t\n\t\t\t\t\t\t\t\t\t\t\t\t\t\t\t\t\t\n\t\t\t\t\t\t\t\t\t<div class=\"work-item style-1\" data-custom-content=\"off\">\n\t\t\t\t\t\t\t\t\t\t\n\t\t\t\t\t\t\t\t\t\t<img loading=\"lazy\" decoding=\"async\" class=\"size-regular skip-lazy\" src=\"https:\/\/draftec.pro\/wp-content\/uploads\/2023\/06\/business-mini-min.jpg\" alt=\"\" height=\"500\" width=\"450\" srcset=\"https:\/\/draftec.pro\/wp-content\/uploads\/2023\/06\/business-mini-min.jpg 624w, https:\/\/draftec.pro\/wp-content\/uploads\/2023\/06\/business-mini-min-300x240.jpg 300w\" sizes=\"auto, (min-width: 1000px) 33.3vw, (min-width: 690px) 50vw, 100vw\" \/>\t\t\t\t\t\t\t\t\t\t\n\t\t\t\t\t\t\t\t\t\t<div class=\"work-info-bg\"><\/div>\n\t\t\t\t\t\t\t\t\t\t<div class=\"work-info\"> \n\t\t\t\t\t\t\t\t\t\t\t\n\t\t\t\t\t\t\t\t\t\t\t\t\t\t\t\t\t\t\t\t\t\t\t\n\t\t\t\t\t\t\t\t\t\t\t\t<div class=\"vert-center\">\n\t\t\t\t\t\t\t\t\t\t\t\t\t<a href=\"https:\/\/draftec.pro\/wp-content\/uploads\/2023\/06\/business-mini-min.jpg\" class=\"pretty_photo default-link\">View Larger<\/a> <a class=\"default-link\" href=\"https:\/\/draftec.pro\/esp\/portfolio\/mnogofunkczionalnyj-biznes-hab\/\">Familiarizar<\/a>\t\t\t\t\t\t\t\t\t\t\t\t\t\n\t\t\t\t\t\t\t\t\t\t\t\t<\/div><!--\/vert-center-->\n\t\t\t\t\t\t\t\t\t\t\t<\/div>\n\t\t\t\t\t\t\t\t\t\t<\/div><!--\/work-item-->\n\t\t\t\t\t\t\t\t\t\t\n\t\t\t\t\t\t\t\t\t\t<div class=\"work-meta\">\n\t\t\t\t\t\t\t\t\t\t    \n\t\t\t\t\t\t\t\t\t\t    \t\t\t\t\t\t\t\t\t\t    \n\n\t\t\t\t\t\t\t\t\t\t        \n\t\t\t\t\t\t\t\t\t\t\t<h4 class=\"title\"><a href=\"https:\/\/draftec.pro\/esp\/portfolio\/mnogofunkczionalnyj-biznes-hab\/\" class=\"categoryurl\">NUVO BUSINESS PARK<\/a><\/h4>\n\t\t\t\t\t\t\t\t\t\t\t\n\t\t\t\t\t\t\t\t\t\t\t<p>29.05.2023<\/p>\t\t\t\t\t\t\t\t\t\t\t\n\t\t\t\t\t\t\t\t\t\t<\/div>\n\t\t\t\t\t\t\t\t\t\t<div class=\"nectar-love-wrap\">\n\t\t\t\t\t\t\t\t\t\t\t<a href=\"#\" class=\"nectar-love\" id=\"nectar-love-484\" title=\"Love this\"> <i class=\"icon-salient-heart-2\"><\/i><span class=\"love-text\">Love<\/span><span class=\"total_loves\"><span class=\"nectar-love-count\">1<\/span><\/span><\/a>\t\t\t\t\t\t\t\t\t\t<\/div><!--\/nectar-love-wrap-->\t\n\t\t\t\t\t\t\t\t\t\t\n\t\t\t\t\t\t\t\t\t\t\t\t\t\t\t\t\t\n\t\t\t\t\t\t\t\t\n\t\t\t\t\t\t\t<\/div><!--\/inner-wrap-->\n\t\t\t\t\t\t<\/div><!--\/col-->\n\t\t\t\t\t\t\n\t\t\t\t\t\t\t\t\t\t\t\n\t\t\t\t\t\t\t\t\t\t\t\t\n\t\t\t\t\t\t<div class=\"col span_4 regular element proekty\"  data-project-cat=\"proekty \" data-default-color=\"true\" data-title-color=\"\" data-subtitle-color=\"\">\n\t\t\t\t\t\t\t\n\t\t\t\t\t\t\t<div class=\"inner-wrap animated\" data-animation=\"none\">\n\t\t\t\t\t\t\t\t\n\t\t\t\t\t\t\t\t\t\t\t\t\t\t\t\t\t\n\t\t\t\t\t\t\t\t\t<div class=\"work-item style-1\" data-custom-content=\"off\">\n\t\t\t\t\t\t\t\t\t\t\n\t\t\t\t\t\t\t\t\t\t<img loading=\"lazy\" decoding=\"async\" class=\"size-regular skip-lazy\" src=\"https:\/\/draftec.pro\/wp-content\/uploads\/2023\/06\/akadem-mini-min.jpg\" alt=\"\" height=\"500\" width=\"450\" srcset=\"https:\/\/draftec.pro\/wp-content\/uploads\/2023\/06\/akadem-mini-min.jpg 624w, https:\/\/draftec.pro\/wp-content\/uploads\/2023\/06\/akadem-mini-min-300x240.jpg 300w\" sizes=\"auto, (min-width: 1000px) 33.3vw, (min-width: 690px) 50vw, 100vw\" \/>\t\t\t\t\t\t\t\t\t\t\n\t\t\t\t\t\t\t\t\t\t<div class=\"work-info-bg\"><\/div>\n\t\t\t\t\t\t\t\t\t\t<div class=\"work-info\"> \n\t\t\t\t\t\t\t\t\t\t\t\n\t\t\t\t\t\t\t\t\t\t\t\t\t\t\t\t\t\t\t\t\t\t\t\n\t\t\t\t\t\t\t\t\t\t\t\t<div class=\"vert-center\">\n\t\t\t\t\t\t\t\t\t\t\t\t\t<a href=\"https:\/\/draftec.pro\/wp-content\/uploads\/2023\/06\/akadem-mini-min.jpg\" class=\"pretty_photo default-link\">View Larger<\/a> <a class=\"default-link\" href=\"https:\/\/draftec.pro\/esp\/portfolio\/kampus-akademii-iskusstv-i-dizajna\/\">Familiarizar<\/a>\t\t\t\t\t\t\t\t\t\t\t\t\t\n\t\t\t\t\t\t\t\t\t\t\t\t<\/div><!--\/vert-center-->\n\t\t\t\t\t\t\t\t\t\t\t<\/div>\n\t\t\t\t\t\t\t\t\t\t<\/div><!--\/work-item-->\n\t\t\t\t\t\t\t\t\t\t\n\t\t\t\t\t\t\t\t\t\t<div class=\"work-meta\">\n\t\t\t\t\t\t\t\t\t\t    \n\t\t\t\t\t\t\t\t\t\t    \t\t\t\t\t\t\t\t\t\t    \n\n\t\t\t\t\t\t\t\t\t\t        \n\t\t\t\t\t\t\t\t\t\t\t<h4 class=\"title\"><a href=\"https:\/\/draftec.pro\/esp\/portfolio\/kampus-akademii-iskusstv-i-dizajna\/\" class=\"categoryurl\">Academia de Arte y Dise\u00f1o \"Bezalel\"<\/a><\/h4>\n\t\t\t\t\t\t\t\t\t\t\t\n\t\t\t\t\t\t\t\t\t\t\t<p>29.05.2023<\/p>\t\t\t\t\t\t\t\t\t\t\t\n\t\t\t\t\t\t\t\t\t\t<\/div>\n\t\t\t\t\t\t\t\t\t\t<div class=\"nectar-love-wrap\">\n\t\t\t\t\t\t\t\t\t\t\t<a href=\"#\" class=\"nectar-love\" id=\"nectar-love-478\" title=\"Love this\"> <i class=\"icon-salient-heart-2\"><\/i><span class=\"love-text\">Love<\/span><span class=\"total_loves\"><span class=\"nectar-love-count\">0<\/span><\/span><\/a>\t\t\t\t\t\t\t\t\t\t<\/div><!--\/nectar-love-wrap-->\t\n\t\t\t\t\t\t\t\t\t\t\n\t\t\t\t\t\t\t\t\t\t\t\t\t\t\t\t\t\n\t\t\t\t\t\t\t\t\n\t\t\t\t\t\t\t<\/div><!--\/inner-wrap-->\n\t\t\t\t\t\t<\/div><!--\/col-->\n\t\t\t\t\t\t\n\t\t\t\t\t\t\t\t\t\t\n\t\t\t\t<\/div><!--\/portfolio-->\n\t\t\t<\/div><!--\/portfolio wrap-->\n\t\t\t\n\t\t\t\n\t\t\t<\/div> \n\t\t<\/div>\n\t<\/div> \n<\/div><\/div>","protected":false},"excerpt":{"rendered":"<p>&#8230;<\/p>","protected":false},"author":2,"featured_media":0,"parent":0,"menu_order":0,"comment_status":"closed","ping_status":"closed","template":"","meta":{"inline_featured_image":false,"footnotes":""},"class_list":["post-1270","page","type-page","status-publish"],"_links":{"self":[{"href":"https:\/\/draftec.pro\/esp\/wp-json\/wp\/v2\/pages\/1270","targetHints":{"allow":["GET"]}}],"collection":[{"href":"https:\/\/draftec.pro\/esp\/wp-json\/wp\/v2\/pages"}],"about":[{"href":"https:\/\/draftec.pro\/esp\/wp-json\/wp\/v2\/types\/page"}],"author":[{"embeddable":true,"href":"https:\/\/draftec.pro\/esp\/wp-json\/wp\/v2\/users\/2"}],"replies":[{"embeddable":true,"href":"https:\/\/draftec.pro\/esp\/wp-json\/wp\/v2\/comments?post=1270"}],"version-history":[{"count":18,"href":"https:\/\/draftec.pro\/esp\/wp-json\/wp\/v2\/pages\/1270\/revisions"}],"predecessor-version":[{"id":2875,"href":"https:\/\/draftec.pro\/esp\/wp-json\/wp\/v2\/pages\/1270\/revisions\/2875"}],"wp:attachment":[{"href":"https:\/\/draftec.pro\/esp\/wp-json\/wp\/v2\/media?parent=1270"}],"curies":[{"name":"wp","href":"https:\/\/api.w.org\/{rel}","templated":true}]}}