


{"id":1241,"date":"2023-06-06T17:54:31","date_gmt":"2023-06-06T14:54:31","guid":{"rendered":"http:\/\/draftec.pro.swtest.ru\/?page_id=1241"},"modified":"2023-07-21T12:30:41","modified_gmt":"2023-07-21T09:30:41","slug":"proektirovanie","status":"publish","type":"page","link":"https:\/\/draftec.pro\/esp\/proektirovanie\/","title":{"rendered":"Dise\u00f1o"},"content":{"rendered":"<div id=\"fws_69e0ebed7ab6e\"  data-column-margin=\"default\" data-midnight=\"dark\"  class=\"wpb_row vc_row-fluid vc_row bim_perb bottom_margin_100px bottom_margin_tablet_64px\"  style=\"padding-top: 0px; padding-bottom: 0px; \"><div class=\"row-bg-wrap\" data-bg-animation=\"none\" data-bg-animation-delay=\"\" data-bg-overlay=\"false\"><div class=\"inner-wrap row-bg-layer\" ><div class=\"row-bg viewport-desktop\"  style=\"\"><\/div><\/div><\/div><div class=\"row_col_wrap_12 col span_12 dark left\">\n\t<div  class=\"vc_col-sm-12 wpb_column column_container vc_column_container col has-animation no-extra-padding inherit_tablet inherit_phone\"  data-padding-pos=\"all\" data-has-bg-color=\"false\" data-bg-color=\"\" data-bg-opacity=\"1\" data-animation=\"fade-in-from-bottom\" data-delay=\"0\" >\n\t\t<div class=\"vc_column-inner\" >\n\t\t\t<div class=\"wpb_wrapper\">\n\t\t\t\t<h1 style=\"text-align: left\" class=\"vc_custom_heading\" >Dise\u00f1o<\/h1>\n<div class=\"wpb_text_column wpb_content_element\" >\n\t<div class=\"wpb_wrapper\">\n\t\t<p class=\"text\">En Draftec, dedicamos nuestros m\u00e1ximos esfuerzos en la etapa de dise\u00f1o en BIM, creando un modelo tridimensional detallado de su edificio. Nuestro equipo de especialistas incorpora todos los elementos arquitect\u00f3nicos, estructurales e ingenieriles, proporcionando informaci\u00f3n detallada sobre materiales, caracter\u00edsticas y par\u00e1metros t\u00e9cnicos. Ofrecemos la oportunidad de visualizar el proyecto en un espacio tridimensional, lo que facilita la coordinaci\u00f3n y aprobaci\u00f3n de las decisiones de dise\u00f1o adoptadas, as\u00ed como una estimaci\u00f3n preliminar de costos y plazos de construcci\u00f3n.<\/p>\n\t<\/div>\n<\/div>\n\n\n\n<div class=\"img-with-aniamtion-wrap\" data-max-width=\"100%\" data-max-width-mobile=\"default\" data-shadow=\"none\" data-animation=\"none\" >\n      <div class=\"inner\">\n        <div class=\"hover-wrap\"> \n          <div class=\"hover-wrap-inner\">\n            <img loading=\"lazy\" decoding=\"async\" class=\"img-with-animation skip-lazy\" data-delay=\"0\" height=\"322\" width=\"516\" data-animation=\"none\" src=\"https:\/\/draftec.pro\/wp-content\/uploads\/2023\/06\/proek.jpg\" alt=\"\" srcset=\"https:\/\/draftec.pro\/wp-content\/uploads\/2023\/06\/proek.jpg 516w, https:\/\/draftec.pro\/wp-content\/uploads\/2023\/06\/proek-300x187.jpg 300w\" sizes=\"auto, (max-width: 516px) 100vw, 516px\" \/>\n          <\/div>\n        <\/div>\n      <\/div>\n    <\/div>\n\t\t\t<\/div> \n\t\t<\/div>\n\t<\/div> \n<\/div><\/div>\n\t\t<div id=\"fws_69e0ebed7c9e4\"  data-column-margin=\"default\" data-midnight=\"dark\"  class=\"wpb_row vc_row-fluid vc_row bim_etap bottom_margin_100px bottom_margin_tablet_64px\"  style=\"padding-top: 0px; padding-bottom: 0px; \"><div class=\"row-bg-wrap\" data-bg-animation=\"none\" data-bg-animation-delay=\"\" data-bg-overlay=\"false\"><div class=\"inner-wrap row-bg-layer\" ><div class=\"row-bg viewport-desktop\"  style=\"\"><\/div><\/div><\/div><div class=\"row_col_wrap_12 col span_12 dark left\">\n\t<div  class=\"vc_col-sm-12 wpb_column column_container vc_column_container col has-animation no-extra-padding inherit_tablet inherit_phone\"  data-padding-pos=\"all\" data-has-bg-color=\"false\" data-bg-color=\"\" data-bg-opacity=\"1\" data-animation=\"fade-in-from-bottom\" data-delay=\"0\" >\n\t\t<div class=\"vc_column-inner\" >\n\t\t\t<div class=\"wpb_wrapper\">\n\t\t\t\t<h2 style=\"text-align: left\" class=\"vc_custom_heading\" >SERVICIOS<\/h2><div class=\"toggles\" data-br=\"\" data-starting=\"default\" data-style=\"minimal\"><div class=\"toggle default\" data-inner-wrap=\"true\"><h3 class=\"toggle-title\"><a href=\"#\" class=\"toggle-heading\"><i class=\"fa fa-plus-circle\"><\/i>Transformaci\u00f3n del proyecto 2D en un modelo de informaci\u00f3n<\/a><\/h3><div><div class=\"inner-toggle-wrap\">\n<div class=\"wpb_text_column wpb_content_element\" >\n\t<div class=\"wpb_wrapper\">\n\t\t<p class=\"text\">Si tiene dibujos en papel o dibujos en 2D en formatos CAD, DWG, PDF o TIFF, el primer paso debe ser convertirlos en un modelo de informaci\u00f3n en 3D. Durante el proceso de trabajo en el proyecto, si se detectan errores existentes, identificaremos conflictos para su revisi\u00f3n y correcci\u00f3n, y mejoraremos el proyecto sin colisiones que puedan dar lugar a costos adicionales durante la construcci\u00f3n.<\/p>\n<p class=\"text\"><strong>Resultado:<\/strong> Modelo de informaci\u00f3n listo de la etapa \"Dise\u00f1o\"<\/p>\n\t<\/div>\n<\/div>\n\n\n\n<\/div><\/div><\/div><div class=\"toggle default\" data-inner-wrap=\"true\"><h3 class=\"toggle-title\"><a href=\"#\" class=\"toggle-heading\"><i class=\"fa fa-plus-circle\"><\/i>Evaluaci\u00f3n experta del modelo de informaci\u00f3n<\/a><\/h3><div><div class=\"inner-toggle-wrap\">\n<div class=\"wpb_text_column wpb_content_element\" >\n\t<div class=\"wpb_wrapper\">\n\t\t<p class=\"text\">En caso de dudas sobre la veracidad y correcci\u00f3n del modelo de informaci\u00f3n proporcionado por el cliente, nuestro equipo puede realizar correcciones de expertos. Nuestras metodolog\u00edas permiten identificar deficiencias en el modelo de informaci\u00f3n existente sin una 'reingenier\u00eda' completa y proporcionar un informe completo con argumentos que respalden las deficiencias identificadas.<\/p>\n<p class=\"text\">Ciclo:<\/p>\n<ul>\n<li>evaluaci\u00f3n del modelo de informaci\u00f3n\n<ul>\n<li>verificaci\u00f3n de las soluciones de ingenier\u00eda, constructivas y otras soluciones existentes para cumplir con las normativas locales<\/li>\n<li>verificaci\u00f3n de la calidad y precisi\u00f3n de la informaci\u00f3n dentro del modelo<\/li>\n<li>verificaci\u00f3n del modelo para asegurar el cumplimiento de los requisitos acordados para BIM<\/li>\n<li>desarrollo de un informe estructurado basado en la metodolog\u00eda de evaluaci\u00f3n aplicada<\/li>\n<\/ul>\n<\/li>\n<li>correcci\u00f3n del modelo de informaci\u00f3n\n<ul>\n<li>incorporaci\u00f3n de cambios acordados en el modelo de informaci\u00f3n<\/li>\n<\/ul>\n<\/li>\n<\/ul>\n\t<\/div>\n<\/div>\n\n\n\n<\/div><\/div><\/div><div class=\"toggle default\" data-inner-wrap=\"true\"><h3 class=\"toggle-title\"><a href=\"#\" class=\"toggle-heading\"><i class=\"fa fa-plus-circle\"><\/i>Desarrollo de un calendario de construcci\u00f3n<\/a><\/h3><div><div class=\"inner-toggle-wrap\">\n<div class=\"wpb_text_column wpb_content_element\" >\n\t<div class=\"wpb_wrapper\">\n\t\t<p class=\"text\">El plan de calendario de construcci\u00f3n es un cronograma detallado que incluye la divisi\u00f3n de trabajos en fases, la estimaci\u00f3n de recursos, la determinaci\u00f3n de plazos y la creaci\u00f3n de un horario de ejecuci\u00f3n del proyecto. El desarrollo del plan permite gestionar el proyecto de manera m\u00e1s eficiente, anticipar posibles retrasos y controlar el presupuesto. Tambi\u00e9n permite a los contratistas ser responsables ante los clientes y proporcionar informaci\u00f3n actualizada sobre el progreso de los trabajos. El plan de calendario es una herramienta de gesti\u00f3n de proyectos adaptable que puede ajustarse durante la construcci\u00f3n en caso de cambios o eventos imprevistos. Este documento es crucial para el \u00e9xito de la ejecuci\u00f3n del proyecto de construcci\u00f3n y para mitigar los riesgos de exceder los plazos y el presupuesto.<\/p>\n<p class=\"text\"><strong>Resultado:<\/strong> Un mapa de trabajo interactivo<\/p>\n\t<\/div>\n<\/div>\n\n\n\n<\/div><\/div><\/div><div class=\"toggle default\" data-inner-wrap=\"true\"><h3 class=\"toggle-title\"><a href=\"#\" class=\"toggle-heading\"><i class=\"fa fa-plus-circle\"><\/i>Desarrollo de documentaci\u00f3n de estimaci\u00f3n<\/a><\/h3><div><div class=\"inner-toggle-wrap\">\n<div class=\"wpb_text_column wpb_content_element\" >\n\t<div class=\"wpb_wrapper\">\n\t\t<p class=\"text\">Quantity Take-Offs\" es un proceso que implica la medici\u00f3n detallada de los materiales y la mano de obra necesarios para completar un proyecto de construcci\u00f3n. Nuestros especialistas realizan este proceso en la etapa de preparaci\u00f3n para la construcci\u00f3n, descomponiendo el proyecto en unidades m\u00e1s peque\u00f1as y manejables para que sea m\u00e1s f\u00e1cil de medir y evaluar. Como resultado de este proceso, se obtiene informaci\u00f3n m\u00e1s precisa y detallada sobre los recursos necesarios para llevar a cabo el proyecto, incluyendo modelos detallados que se env\u00edan a los fabricantes de equipos, lo que finalmente reduce los plazos de montaje.<\/p>\n<p class=\"text\"><strong>Resultado:<\/strong> Un conjunto de documentos que incluye informaci\u00f3n completa sobre los costos necesarios para realizar el trabajo, y proporciona la capacidad de tomar una decisi\u00f3n informada sobre la viabilidad y conveniencia de iniciar un proyecto.<\/p>\n\t<\/div>\n<\/div>\n\n\n\n<\/div><\/div><\/div><\/div>\n\n\n\n\n\n\n\n\n\n\n\n\n\n\n\n\n\n\n\n\n\t\t\t<\/div> \n\t\t<\/div>\n\t<\/div> \n<\/div><\/div>\n\t\t<div id=\"fws_69e0ebed7db79\"  data-column-margin=\"default\" data-midnight=\"dark\"  class=\"wpb_row vc_row-fluid vc_row bim_du bottom_margin_100px bottom_margin_tablet_64px\"  style=\"padding-top: 0px; padding-bottom: 0px; \"><div class=\"row-bg-wrap\" data-bg-animation=\"none\" data-bg-animation-delay=\"\" data-bg-overlay=\"false\"><div class=\"inner-wrap row-bg-layer\" ><div class=\"row-bg viewport-desktop\"  style=\"\"><\/div><\/div><\/div><div class=\"row_col_wrap_12 col span_12 dark left\">\n\t<div  class=\"vc_col-sm-12 wpb_column column_container vc_column_container col has-animation no-extra-padding inherit_tablet inherit_phone\"  data-padding-pos=\"all\" data-has-bg-color=\"false\" data-bg-color=\"\" data-bg-opacity=\"1\" data-animation=\"fade-in-from-bottom\" data-delay=\"0\" >\n\t\t<div class=\"vc_column-inner\" >\n\t\t\t<div class=\"wpb_wrapper\">\n\t\t\t\t<h2 style=\"text-align: left\" class=\"vc_custom_heading\" >Servicios en otras etapas<\/h2><div class=\"nectar-fancy-box nectar-underline using-img  aspect-1-1\"  data-style=\"image_above_text_underline\" data-border-radius=\"default\" data-animation=\"\" data-delay=\"\" data-alignment=\"left\"><div class=\"image-wrap\"><div class=\"box-bg\"  style=\"background-image: url('https:\/\/draftec.pro\/wp-content\/uploads\/2023\/06\/vnedrenie-1.jpg'); \"><\/div><\/div>\n\t\t<div class=\"text\">\n<p class=\"gir\">Implementaci\u00f3n de BIM<\/p>\n<\/div> <a  href=\"https:\/\/draftec.pro\/esp\/vnedrenie-bim\/\" class=\"box-link\"><\/a>\n\t\t<\/div><div class=\"nectar-fancy-box nectar-underline using-img  aspect-1-1\"  data-style=\"image_above_text_underline\" data-border-radius=\"default\" data-animation=\"\" data-delay=\"\" data-alignment=\"left\"><div class=\"image-wrap\"><div class=\"box-bg\"  style=\"background-image: url('https:\/\/draftec.pro\/wp-content\/uploads\/2023\/06\/stroitelstvo-min.jpg'); \"><\/div><\/div>\n\t\t<div class=\"text\">\n<p class=\"gir\">Construcci\u00f3n<\/p>\n<\/div> <a  href=\"https:\/\/draftec.pro\/esp\/stroitelstvo\/\" class=\"box-link\"><\/a>\n\t\t<\/div>\n\t\t\t<\/div> \n\t\t<\/div>\n\t<\/div> \n<\/div><\/div>","protected":false},"excerpt":{"rendered":"<p>&#8230;<\/p>","protected":false},"author":2,"featured_media":0,"parent":0,"menu_order":0,"comment_status":"closed","ping_status":"closed","template":"","meta":{"inline_featured_image":false,"footnotes":""},"class_list":["post-1241","page","type-page","status-publish"],"_links":{"self":[{"href":"https:\/\/draftec.pro\/esp\/wp-json\/wp\/v2\/pages\/1241","targetHints":{"allow":["GET"]}}],"collection":[{"href":"https:\/\/draftec.pro\/esp\/wp-json\/wp\/v2\/pages"}],"about":[{"href":"https:\/\/draftec.pro\/esp\/wp-json\/wp\/v2\/types\/page"}],"author":[{"embeddable":true,"href":"https:\/\/draftec.pro\/esp\/wp-json\/wp\/v2\/users\/2"}],"replies":[{"embeddable":true,"href":"https:\/\/draftec.pro\/esp\/wp-json\/wp\/v2\/comments?post=1241"}],"version-history":[{"count":21,"href":"https:\/\/draftec.pro\/esp\/wp-json\/wp\/v2\/pages\/1241\/revisions"}],"predecessor-version":[{"id":2895,"href":"https:\/\/draftec.pro\/esp\/wp-json\/wp\/v2\/pages\/1241\/revisions\/2895"}],"wp:attachment":[{"href":"https:\/\/draftec.pro\/esp\/wp-json\/wp\/v2\/media?parent=1241"}],"curies":[{"name":"wp","href":"https:\/\/api.w.org\/{rel}","templated":true}]}}