


{"id":1128,"date":"2023-06-06T15:20:56","date_gmt":"2023-06-06T12:20:56","guid":{"rendered":"http:\/\/draftec.pro.swtest.ru\/?page_id=1128"},"modified":"2023-07-21T12:30:27","modified_gmt":"2023-07-21T09:30:27","slug":"vnedrenie-bim","status":"publish","type":"page","link":"https:\/\/draftec.pro\/esp\/vnedrenie-bim\/","title":{"rendered":"Implementaci\u00f3n de BIM"},"content":{"rendered":"<div id=\"fws_69e100aeac9e3\"  data-column-margin=\"default\" data-midnight=\"dark\"  class=\"wpb_row vc_row-fluid vc_row bim_perb bottom_margin_100px bottom_margin_tablet_64px\"  style=\"padding-top: 0px; padding-bottom: 0px; \"><div class=\"row-bg-wrap\" data-bg-animation=\"none\" data-bg-animation-delay=\"\" data-bg-overlay=\"false\"><div class=\"inner-wrap row-bg-layer\" ><div class=\"row-bg viewport-desktop\"  style=\"\"><\/div><\/div><\/div><div class=\"row_col_wrap_12 col span_12 dark left\">\n\t<div  class=\"vc_col-sm-12 wpb_column column_container vc_column_container col has-animation no-extra-padding inherit_tablet inherit_phone\"  data-padding-pos=\"all\" data-has-bg-color=\"false\" data-bg-color=\"\" data-bg-opacity=\"1\" data-animation=\"fade-in-from-bottom\" data-delay=\"400\" >\n\t\t<div class=\"vc_column-inner\" >\n\t\t\t<div class=\"wpb_wrapper\">\n\t\t\t\t<h1 style=\"text-align: left\" class=\"vc_custom_heading\" >Implementaci\u00f3n de BIM<\/h1>\n<div class=\"wpb_text_column wpb_content_element\" >\n\t<div class=\"wpb_wrapper\">\n\t\t<p class=\"text\">El proceso de preparaci\u00f3n para un proyecto en la tecnolog\u00eda BIM implica la descripci\u00f3n, la coordinaci\u00f3n y la aprobaci\u00f3n de los siguientes documentos<\/p>\n<ul>\n<li>requisitos del proyecto<\/li>\n<li>conjunto de herramientas y definiciones utilizadas<\/li>\n<li>reglas de interacci\u00f3n dentro del proyecto<\/li>\n<li>entorno de desarrollo<\/li>\n<li>plan de implementaci\u00f3n del proyecto BIM<\/li>\n<\/ul>\n<p class=\"text\">Los documentos aprobados permiten que cada participante del proyecto utilice de manera efectiva los datos en el espacio de informaci\u00f3n compartido en tiempo real.<\/p>\n\t<\/div>\n<\/div>\n\n\n\n<div class=\"img-with-aniamtion-wrap\" data-max-width=\"100%\" data-max-width-mobile=\"default\" data-shadow=\"none\" data-animation=\"none\" >\n      <div class=\"inner\">\n        <div class=\"hover-wrap\"> \n          <div class=\"hover-wrap-inner\">\n            <img loading=\"lazy\" decoding=\"async\" class=\"img-with-animation skip-lazy\" data-delay=\"0\" height=\"322\" width=\"516\" data-animation=\"none\" src=\"https:\/\/draftec.pro\/wp-content\/uploads\/2023\/06\/vnedr.jpg\" alt=\"\" srcset=\"https:\/\/draftec.pro\/wp-content\/uploads\/2023\/06\/vnedr.jpg 516w, https:\/\/draftec.pro\/wp-content\/uploads\/2023\/06\/vnedr-300x187.jpg 300w\" sizes=\"auto, (max-width: 516px) 100vw, 516px\" \/>\n          <\/div>\n        <\/div>\n      <\/div>\n    <\/div>\n\t\t\t<\/div> \n\t\t<\/div>\n\t<\/div> \n<\/div><\/div>\n\t\t<div id=\"fws_69e100aeb1703\"  data-column-margin=\"default\" data-midnight=\"dark\"  class=\"wpb_row vc_row-fluid vc_row bim_etap bottom_margin_100px bottom_margin_tablet_64px\"  style=\"padding-top: 0px; padding-bottom: 0px; \"><div class=\"row-bg-wrap\" data-bg-animation=\"none\" data-bg-animation-delay=\"\" data-bg-overlay=\"false\"><div class=\"inner-wrap row-bg-layer\" ><div class=\"row-bg viewport-desktop\"  style=\"\"><\/div><\/div><\/div><div class=\"row_col_wrap_12 col span_12 dark left\">\n\t<div  class=\"vc_col-sm-12 wpb_column column_container vc_column_container col has-animation no-extra-padding inherit_tablet inherit_phone\"  data-padding-pos=\"all\" data-has-bg-color=\"false\" data-bg-color=\"\" data-bg-opacity=\"1\" data-animation=\"fade-in-from-bottom\" data-delay=\"0\" >\n\t\t<div class=\"vc_column-inner\" >\n\t\t\t<div class=\"wpb_wrapper\">\n\t\t\t\t<h2 style=\"text-align: left\" class=\"vc_custom_heading\" >SERVICIOS<\/h2><div class=\"toggles\" data-br=\"\" data-starting=\"default\" data-style=\"minimal\"><div class=\"toggle default\" data-inner-wrap=\"true\"><h3 class=\"toggle-title\"><a href=\"#\" class=\"toggle-heading\"><i class=\"fa fa-plus-circle\"><\/i>Desarrollo del documento EIR<\/a><\/h3><div><div class=\"inner-toggle-wrap\">\n<div class=\"wpb_text_column wpb_content_element\" >\n\t<div class=\"wpb_wrapper\">\n\t\t<p class=\"text\">EIR (Employer Information Requirement \u2014 Requisito de Informaci\u00f3n del Empleador) es un documento que describe sus requisitos para la empresa de proyectos en la creaci\u00f3n del modelo BIM del proyecto, incluyendo requisitos completos de detalle del modelo. Es esencialmente una especificaci\u00f3n t\u00e9cnica para el dise\u00f1o BIM que estamos desarrollando y usted est\u00e1 aprobando.<\/p>\n<p class=\"text\">El objetivo principal de EIR es describir los requisitos para la informaci\u00f3n y su gesti\u00f3n en un proyecto espec\u00edfico. Este documento refleja lo que desea obtener: qu\u00e9 informaci\u00f3n, en qu\u00e9 formato y en qu\u00e9 etapas.<\/p>\n\t<\/div>\n<\/div>\n\n\n\n<\/div><\/div><\/div><div class=\"toggle default\" data-inner-wrap=\"true\"><h3 class=\"toggle-title\"><a href=\"#\" class=\"toggle-heading\"><i class=\"fa fa-plus-circle\"><\/i>Definici\u00f3n del formato CDE<\/a><\/h3><div><div class=\"inner-toggle-wrap\">\n<div class=\"wpb_text_column wpb_content_element\" >\n\t<div class=\"wpb_wrapper\">\n\t\t<p class=\"text\">CDE (Common Data Environment) es un espacio de almacenamiento de datos que se puede implementar como un servidor en la oficina o almacenamiento en la nube. Este lugar est\u00e1 destinado a almacenar informaci\u00f3n sobre su proyecto, como bibliotecas de familias y plantillas de archivos. El acceso al CDE est\u00e1 disponible para todos los participantes en el dise\u00f1o y la construcci\u00f3n, as\u00ed como, por acuerdo, otras empresas de dise\u00f1o, servicio al cliente, organizaciones contratistas y otras partes interesadas.<\/p>\n\t<\/div>\n<\/div>\n\n\n\n<\/div><\/div><\/div><div class=\"toggle default\" data-inner-wrap=\"true\"><h3 class=\"toggle-title\"><a href=\"#\" class=\"toggle-heading\"><i class=\"fa fa-plus-circle\"><\/i>Desarrollo del documento BEP<\/a><\/h3><div><div class=\"inner-toggle-wrap\">\n<div class=\"wpb_text_column wpb_content_element\" >\n\t<div class=\"wpb_wrapper\">\n\t\t<p class=\"text\">BEP (BIM Execution Plan) es un documento que describe el plan para implementar un proyecto BIM. Es una instrucci\u00f3n para el dise\u00f1ador, en la que se deben definir las reglas para el proceso de dise\u00f1o, incluyendo la estructura y nombres de carpetas y archivos, lo que permite evitar el caos y asegurar la correcta extracci\u00f3n de datos del proyecto.<br \/>\nAdem\u00e1s, en el BEP se establecen las reglas para verificar el proyecto proporcionado utilizando listas de verificaci\u00f3n. Este documento es una gu\u00eda importante para el dise\u00f1ador durante el proceso de trabajo en el proyecto, ayudando a garantizar un enfoque unificado y coherente en el proyecto.<\/p>\n\t<\/div>\n<\/div>\n\n\n\n<\/div><\/div><\/div><div class=\"toggle default\" data-inner-wrap=\"true\"><h3 class=\"toggle-title\"><a href=\"#\" class=\"toggle-heading\"><i class=\"fa fa-plus-circle\"><\/i>Consultor\u00eda y formaci\u00f3n de empleados<\/a><\/h3><div><div class=\"inner-toggle-wrap\">\n<div class=\"wpb_text_column wpb_content_element\" >\n\t<div class=\"wpb_wrapper\">\n\t\t<p class=\"text\">Durante el proceso de capacitaci\u00f3n, proporcionaremos una descripci\u00f3n detallada a las partes responsables sobre c\u00f3mo leer y utilizar correctamente todos los documentos desarrollados, y tambi\u00e9n los familiarizaremos con las metodolog\u00edas que planeamos aplicar en la organizaci\u00f3n y realizaci\u00f3n de las obras.<\/p>\n\t<\/div>\n<\/div>\n\n\n\n<\/div><\/div><\/div><\/div>\n\n\n\n\n\n\n\n\n\n\n\n\n\n\n\n\n\n\n\n\n\t\t\t<\/div> \n\t\t<\/div>\n\t<\/div> \n<\/div><\/div>\n\t\t<div id=\"fws_69e100aeb25e6\"  data-column-margin=\"default\" data-midnight=\"dark\"  class=\"wpb_row vc_row-fluid vc_row bim_du bottom_margin_100px bottom_margin_tablet_64px\"  style=\"padding-top: 0px; padding-bottom: 0px; \"><div class=\"row-bg-wrap\" data-bg-animation=\"none\" data-bg-animation-delay=\"\" data-bg-overlay=\"false\"><div class=\"inner-wrap row-bg-layer\" ><div class=\"row-bg viewport-desktop\"  style=\"\"><\/div><\/div><\/div><div class=\"row_col_wrap_12 col span_12 dark left\">\n\t<div  class=\"vc_col-sm-12 wpb_column column_container vc_column_container col has-animation no-extra-padding inherit_tablet inherit_phone\"  data-padding-pos=\"all\" data-has-bg-color=\"false\" data-bg-color=\"\" data-bg-opacity=\"1\" data-animation=\"fade-in-from-bottom\" data-delay=\"0\" >\n\t\t<div class=\"vc_column-inner\" >\n\t\t\t<div class=\"wpb_wrapper\">\n\t\t\t\t<h2 style=\"text-align: left\" class=\"vc_custom_heading\" >Servicios en otras etapas<\/h2><div class=\"nectar-fancy-box nectar-underline using-img  aspect-1-1\"  data-style=\"image_above_text_underline\" data-border-radius=\"default\" data-animation=\"\" data-delay=\"\" data-alignment=\"left\"><div class=\"image-wrap\"><div class=\"box-bg\"  style=\"background-image: url('https:\/\/draftec.pro\/wp-content\/uploads\/2023\/06\/renovacia-min.jpg'); \"><\/div><\/div>\n\t\t<div class=\"text\">\n<p class=\"gir\">Renovaci\u00f3n<\/p>\n<\/div> <a  href=\"https:\/\/draftec.pro\/esp\/renovacziya\/\" class=\"box-link\"><\/a>\n\t\t<\/div><div class=\"nectar-fancy-box nectar-underline using-img  aspect-1-1\"  data-style=\"image_above_text_underline\" data-border-radius=\"default\" data-animation=\"\" data-delay=\"\" data-alignment=\"left\"><div class=\"image-wrap\"><div class=\"box-bg\"  style=\"background-image: url('https:\/\/draftec.pro\/wp-content\/uploads\/2023\/06\/proektirovanie-min.jpg'); \"><\/div><\/div>\n\t\t<div class=\"text\">\n<p class=\"gir\">Dise\u00f1o<\/p>\n<\/div> <a  href=\"https:\/\/draftec.pro\/esp\/proektirovanie\/\" class=\"box-link\"><\/a>\n\t\t<\/div>\n\t\t\t<\/div> \n\t\t<\/div>\n\t<\/div> \n<\/div><\/div>","protected":false},"excerpt":{"rendered":"<p>&#8230;<\/p>","protected":false},"author":2,"featured_media":0,"parent":0,"menu_order":0,"comment_status":"closed","ping_status":"closed","template":"","meta":{"inline_featured_image":false,"footnotes":""},"class_list":["post-1128","page","type-page","status-publish"],"_links":{"self":[{"href":"https:\/\/draftec.pro\/esp\/wp-json\/wp\/v2\/pages\/1128","targetHints":{"allow":["GET"]}}],"collection":[{"href":"https:\/\/draftec.pro\/esp\/wp-json\/wp\/v2\/pages"}],"about":[{"href":"https:\/\/draftec.pro\/esp\/wp-json\/wp\/v2\/types\/page"}],"author":[{"embeddable":true,"href":"https:\/\/draftec.pro\/esp\/wp-json\/wp\/v2\/users\/2"}],"replies":[{"embeddable":true,"href":"https:\/\/draftec.pro\/esp\/wp-json\/wp\/v2\/comments?post=1128"}],"version-history":[{"count":44,"href":"https:\/\/draftec.pro\/esp\/wp-json\/wp\/v2\/pages\/1128\/revisions"}],"predecessor-version":[{"id":2894,"href":"https:\/\/draftec.pro\/esp\/wp-json\/wp\/v2\/pages\/1128\/revisions\/2894"}],"wp:attachment":[{"href":"https:\/\/draftec.pro\/esp\/wp-json\/wp\/v2\/media?parent=1128"}],"curies":[{"name":"wp","href":"https:\/\/api.w.org\/{rel}","templated":true}]}}